{"id":1888,"date":"2022-07-22T10:44:00","date_gmt":"2022-07-22T13:44:00","guid":{"rendered":"https:\/\/paratusintelligence.com\/?page_id=1888"},"modified":"2022-07-22T10:48:37","modified_gmt":"2022-07-22T13:48:37","slug":"projetos-especiais","status":"publish","type":"page","link":"https:\/\/paratusintelligence.com\/en\/projetos-especiais\/","title":{"rendered":"Projetos Especiais"},"content":{"rendered":"<div data-elementor-type=\"wp-page\" data-elementor-id=\"1888\" class=\"elementor elementor-1888\">\n\t\t\t\t\t\t<section class=\"elementor-section elementor-top-section elementor-element elementor-element-05c320e elementor-section-full_width elementor-section-height-default elementor-section-height-default\" data-id=\"05c320e\" data-element_type=\"section\">\n\t\t\t\t\t\t<div class=\"elementor-container elementor-column-gap-default\">\n\t\t\t\t\t<div class=\"elementor-column elementor-col-100 elementor-top-column elementor-element elementor-element-c4273de\" data-id=\"c4273de\" data-element_type=\"column\">\n\t\t\t<div class=\"elementor-widget-wrap elementor-element-populated\">\n\t\t\t\t\t\t<div class=\"elementor-element elementor-element-ea7d8a5 elementor-widget elementor-widget-image\" data-id=\"ea7d8a5\" data-element_type=\"widget\" data-widget_type=\"image.default\">\n\t\t\t\t<div class=\"elementor-widget-container\">\n\t\t\t\t\t\t\t\t\t\t\t\t\t\t\t<img fetchpriority=\"high\" decoding=\"async\" width=\"1536\" height=\"365\" src=\"https:\/\/paratusintelligence.com\/wp-content\/uploads\/2022\/05\/13_Special-Projects.png\" class=\"attachment-full size-full wp-image-1828\" alt=\"\" srcset=\"https:\/\/paratusintelligence.com\/wp-content\/uploads\/2022\/05\/13_Special-Projects.png 1536w, https:\/\/paratusintelligence.com\/wp-content\/uploads\/2022\/05\/13_Special-Projects-300x71.png 300w, https:\/\/paratusintelligence.com\/wp-content\/uploads\/2022\/05\/13_Special-Projects-1024x243.png 1024w, https:\/\/paratusintelligence.com\/wp-content\/uploads\/2022\/05\/13_Special-Projects-768x183.png 768w, https:\/\/paratusintelligence.com\/wp-content\/uploads\/2022\/05\/13_Special-Projects-18x4.png 18w\" sizes=\"(max-width: 1536px) 100vw, 1536px\" \/>\t\t\t\t\t\t\t\t\t\t\t\t\t\t\t<\/div>\n\t\t\t\t<\/div>\n\t\t\t\t\t<\/div>\n\t\t<\/div>\n\t\t\t\t\t<\/div>\n\t\t<\/section>\n\t\t\t\t<section class=\"elementor-section elementor-top-section elementor-element elementor-element-5c2bcf9 elementor-section-boxed elementor-section-height-default elementor-section-height-default\" data-id=\"5c2bcf9\" data-element_type=\"section\" data-settings=\"{&quot;background_background&quot;:&quot;gradient&quot;}\">\n\t\t\t\t\t\t<div class=\"elementor-container elementor-column-gap-default\">\n\t\t\t\t\t<div class=\"elementor-column elementor-col-50 elementor-top-column elementor-element elementor-element-418e1cc\" data-id=\"418e1cc\" data-element_type=\"column\">\n\t\t\t<div class=\"elementor-widget-wrap elementor-element-populated\">\n\t\t\t\t\t\t<div class=\"elementor-element elementor-element-c2f4602 elementor-widget elementor-widget-text-editor\" data-id=\"c2f4602\" data-element_type=\"widget\" data-widget_type=\"text-editor.default\">\n\t\t\t\t<div class=\"elementor-widget-container\">\n\t\t\t\t\t\t\t\t\t<p>Health-related areas require extra care regarding security and access control. Hospitals, clinics or emergency rooms need more than just image capture.<\/p>\n<p>Paratus Intelligence offers personal and property security, minimizing risks for employees and patients.<\/p>\n<p>It also offers:<\/p>\n<ul>\n<li>Control of people's access to restricted areas;<\/li>\n<li>Solutions in automation of periodic monitoring of patients in beds;<\/li>\n<li>Monitoring of waiting rooms;<\/li>\n<li>Assessment of people's behavior in public areas of the hospital space;<\/li>\n<li>Intelligent control for patient reception, whether in normal or emergency care;<\/li>\n<li>Real-time and remote monitoring with identification of behavior patterns and alerts for risk situations.<\/li>\n<\/ul>\t\t\t\t\t\t\t\t<\/div>\n\t\t\t\t<\/div>\n\t\t\t\t\t<\/div>\n\t\t<\/div>\n\t\t\t\t<div class=\"elementor-column elementor-col-50 elementor-top-column elementor-element elementor-element-b639155\" data-id=\"b639155\" data-element_type=\"column\">\n\t\t\t<div class=\"elementor-widget-wrap elementor-element-populated\">\n\t\t\t\t\t\t<div class=\"elementor-element elementor-element-92f886f elementor-widget elementor-widget-image\" data-id=\"92f886f\" data-element_type=\"widget\" data-widget_type=\"image.default\">\n\t\t\t\t<div class=\"elementor-widget-container\">\n\t\t\t\t\t\t\t\t\t\t\t\t\t\t\t<img decoding=\"async\" width=\"619\" height=\"748\" data-src=\"https:\/\/paratusintelligence.com\/wp-content\/uploads\/2021\/11\/projetos-2.png\" class=\"elementor-animation-bob attachment-large size-large wp-image-477 lazyload\" alt=\"\" data-srcset=\"https:\/\/paratusintelligence.com\/wp-content\/uploads\/2021\/11\/projetos-2.png 619w, https:\/\/paratusintelligence.com\/wp-content\/uploads\/2021\/11\/projetos-2-248x300.png 248w, https:\/\/paratusintelligence.com\/wp-content\/uploads\/2021\/11\/projetos-2-10x12.png 10w\" data-sizes=\"(max-width: 619px) 100vw, 619px\" src=\"data:image\/gif;base64,R0lGODlhAQABAAAAACH5BAEKAAEALAAAAAABAAEAAAICTAEAOw==\" style=\"--smush-placeholder-width: 619px; --smush-placeholder-aspect-ratio: 619\/748;\" \/>\t\t\t\t\t\t\t\t\t\t\t\t\t\t\t<\/div>\n\t\t\t\t<\/div>\n\t\t\t\t\t<\/div>\n\t\t<\/div>\n\t\t\t\t\t<\/div>\n\t\t<\/section>\n\t\t\t\t<section class=\"elementor-section elementor-top-section elementor-element elementor-element-10856773 elementor-section-boxed elementor-section-height-default elementor-section-height-default\" data-id=\"10856773\" data-element_type=\"section\" data-settings=\"{&quot;background_background&quot;:&quot;classic&quot;}\">\n\t\t\t\t\t\t<div class=\"elementor-container elementor-column-gap-default\">\n\t\t\t\t\t<div class=\"elementor-column elementor-col-25 elementor-top-column elementor-element elementor-element-10d81898\" data-id=\"10d81898\" data-element_type=\"column\">\n\t\t\t<div class=\"elementor-widget-wrap elementor-element-populated\">\n\t\t\t\t\t\t<div class=\"elementor-element elementor-element-7661a95 elementor-widget elementor-widget-text-editor\" data-id=\"7661a95\" data-element_type=\"widget\" data-widget_type=\"text-editor.default\">\n\t\t\t\t<div class=\"elementor-widget-container\">\n\t\t\t\t\t\t\t\t\t<p><strong><a href=\"https:\/\/paratusintelligence.com\/en\/?page_id=102\">Solutions<\/a><br \/><\/strong><\/p><p><a href=\"https:\/\/paratusintelligence.com\/en\/?page_id=127\">Logistics and Ports<\/a><br \/><a href=\"https:\/\/paratusintelligence.com\/en\/?page_id=267\">Tracking and Transport<\/a><br \/><a href=\"https:\/\/paratusintelligence.com\/en\/?page_id=446\">Public security<\/a><br \/><a href=\"https:\/\/paratusintelligence.com\/en\/?page_id=371\">Transmission lines<\/a><br \/><a href=\"https:\/\/paratusintelligence.com\/en\/?page_id=298\">Traffic Control<\/a><br \/><a href=\"https:\/\/paratusintelligence.com\/en\/?page_id=433\">People Monitoring<\/a><br \/><a href=\"https:\/\/paratusintelligence.com\/en\/?page_id=468\">Hospital Area<\/a><br \/><a href=\"https:\/\/paratusintelligence.com\/en\/?page_id=415\">Construction Monitoring<\/a><br \/><a href=\"https:\/\/paratusintelligence.com\/en\/?page_id=384\">Power Plant<\/a><br \/><a href=\"https:\/\/paratusintelligence.com\/en\/?page_id=403\">Industry<\/a><\/p>\t\t\t\t\t\t\t\t<\/div>\n\t\t\t\t<\/div>\n\t\t\t\t\t<\/div>\n\t\t<\/div>\n\t\t\t\t<div class=\"elementor-column elementor-col-25 elementor-top-column elementor-element elementor-element-3d385992\" data-id=\"3d385992\" data-element_type=\"column\">\n\t\t\t<div class=\"elementor-widget-wrap elementor-element-populated\">\n\t\t\t\t\t\t<div class=\"elementor-element elementor-element-57db20e7 elementor-widget elementor-widget-text-editor\" data-id=\"57db20e7\" data-element_type=\"widget\" data-widget_type=\"text-editor.default\">\n\t\t\t\t<div class=\"elementor-widget-container\">\n\t\t\t\t\t\t\t\t\t<p><strong>About the Paratus<br \/><\/strong><\/p><p><a href=\"https:\/\/paratusintelligence.com\/en\/?page_id=67\">Who we are<\/a><br \/><a href=\"https:\/\/paratusintelligence.com\/en\/?page_id=658\">Partners<\/a><\/p><p><strong>Talk to us<\/strong><\/p><p><a href=\"https:\/\/paratusintelligence.com\/en\/?page_id=143\">Contact<\/a><br \/>contact@paratusintelligence.com<\/p>\t\t\t\t\t\t\t\t<\/div>\n\t\t\t\t<\/div>\n\t\t\t\t\t<\/div>\n\t\t<\/div>\n\t\t\t\t<div class=\"elementor-column elementor-col-50 elementor-top-column elementor-element elementor-element-9afc6dc\" data-id=\"9afc6dc\" data-element_type=\"column\">\n\t\t\t<div class=\"elementor-widget-wrap elementor-element-populated\">\n\t\t\t\t\t\t<div class=\"elementor-element elementor-element-2e732592 elementor-widget elementor-widget-text-editor\" data-id=\"2e732592\" data-element_type=\"widget\" data-widget_type=\"text-editor.default\">\n\t\t\t\t<div class=\"elementor-widget-container\">\n\t\t\t\t\t\t\t\t\t<p><strong>Paratus in the world<\/strong><\/p>\t\t\t\t\t\t\t\t<\/div>\n\t\t\t\t<\/div>\n\t\t\t\t<div class=\"elementor-element elementor-element-221a76d4 elementor-widget elementor-widget-image\" data-id=\"221a76d4\" data-element_type=\"widget\" data-widget_type=\"image.default\">\n\t\t\t\t<div class=\"elementor-widget-container\">\n\t\t\t\t\t\t\t\t\t\t\t\t\t\t\t<img decoding=\"async\" width=\"677\" height=\"361\" data-src=\"https:\/\/paratusintelligence.com\/wp-content\/uploads\/2021\/11\/mapa.png\" class=\"attachment-large size-large wp-image-51 lazyload\" alt=\"\" data-srcset=\"https:\/\/paratusintelligence.com\/wp-content\/uploads\/2021\/11\/mapa.png 677w, https:\/\/paratusintelligence.com\/wp-content\/uploads\/2021\/11\/mapa-300x160.png 300w, https:\/\/paratusintelligence.com\/wp-content\/uploads\/2021\/11\/mapa-18x10.png 18w\" data-sizes=\"(max-width: 677px) 100vw, 677px\" src=\"data:image\/gif;base64,R0lGODlhAQABAAAAACH5BAEKAAEALAAAAAABAAEAAAICTAEAOw==\" style=\"--smush-placeholder-width: 677px; --smush-placeholder-aspect-ratio: 677\/361;\" \/>\t\t\t\t\t\t\t\t\t\t\t\t\t\t\t<\/div>\n\t\t\t\t<\/div>\n\t\t\t\t\t<\/div>\n\t\t<\/div>\n\t\t\t\t\t<\/div>\n\t\t<\/section>\n\t\t\t\t<section class=\"elementor-section elementor-top-section elementor-element elementor-element-535e6a1 elementor-section-full_width elementor-section-height-default elementor-section-height-default\" data-id=\"535e6a1\" data-element_type=\"section\">\n\t\t\t\t\t\t<div class=\"elementor-container elementor-column-gap-default\">\n\t\t\t\t\t<div class=\"elementor-column elementor-col-100 elementor-top-column elementor-element elementor-element-f5a1593\" data-id=\"f5a1593\" data-element_type=\"column\">\n\t\t\t<div class=\"elementor-widget-wrap elementor-element-populated\">\n\t\t\t\t\t\t<div class=\"elementor-element elementor-element-10124be elementor-widget-divider--view-line elementor-widget elementor-widget-divider\" data-id=\"10124be\" data-element_type=\"widget\" data-widget_type=\"divider.default\">\n\t\t\t\t<div class=\"elementor-widget-container\">\n\t\t\t\t\t\t\t<div class=\"elementor-divider\">\n\t\t\t<span class=\"elementor-divider-separator\">\n\t\t\t\t\t\t<\/span>\n\t\t<\/div>\n\t\t\t\t\t\t<\/div>\n\t\t\t\t<\/div>\n\t\t\t\t\t<\/div>\n\t\t<\/div>\n\t\t\t\t\t<\/div>\n\t\t<\/section>\n\t\t\t\t<section class=\"elementor-section elementor-top-section elementor-element elementor-element-3ccd817c elementor-section-boxed elementor-section-height-default elementor-section-height-default\" data-id=\"3ccd817c\" data-element_type=\"section\" data-settings=\"{&quot;background_background&quot;:&quot;classic&quot;}\">\n\t\t\t\t\t\t<div class=\"elementor-container elementor-column-gap-default\">\n\t\t\t\t\t<div class=\"elementor-column elementor-col-50 elementor-top-column elementor-element elementor-element-1014439\" data-id=\"1014439\" data-element_type=\"column\">\n\t\t\t<div class=\"elementor-widget-wrap elementor-element-populated\">\n\t\t\t\t\t\t<section class=\"elementor-section elementor-inner-section elementor-element elementor-element-39773922 elementor-section-full_width elementor-section-height-default elementor-section-height-default\" data-id=\"39773922\" data-element_type=\"section\">\n\t\t\t\t\t\t<div class=\"elementor-container elementor-column-gap-default\">\n\t\t\t\t\t<div class=\"elementor-column elementor-col-50 elementor-inner-column elementor-element elementor-element-78a828a6\" data-id=\"78a828a6\" data-element_type=\"column\">\n\t\t\t<div class=\"elementor-widget-wrap elementor-element-populated\">\n\t\t\t\t\t\t<div class=\"elementor-element elementor-element-784ea3fd elementor-widget elementor-widget-image\" data-id=\"784ea3fd\" data-element_type=\"widget\" data-widget_type=\"image.default\">\n\t\t\t\t<div class=\"elementor-widget-container\">\n\t\t\t\t\t\t\t\t\t\t\t\t\t\t\t<img decoding=\"async\" width=\"1016\" height=\"287\" data-src=\"https:\/\/paratusintelligence.com\/wp-content\/uploads\/2022\/05\/logo.png\" class=\"attachment-large size-large wp-image-1502 lazyload\" alt=\"\" data-srcset=\"https:\/\/paratusintelligence.com\/wp-content\/uploads\/2022\/05\/logo.png 1016w, https:\/\/paratusintelligence.com\/wp-content\/uploads\/2022\/05\/logo-300x85.png 300w, https:\/\/paratusintelligence.com\/wp-content\/uploads\/2022\/05\/logo-768x217.png 768w, https:\/\/paratusintelligence.com\/wp-content\/uploads\/2022\/05\/logo-18x5.png 18w\" data-sizes=\"(max-width: 1016px) 100vw, 1016px\" src=\"data:image\/gif;base64,R0lGODlhAQABAAAAACH5BAEKAAEALAAAAAABAAEAAAICTAEAOw==\" style=\"--smush-placeholder-width: 1016px; --smush-placeholder-aspect-ratio: 1016\/287;\" \/>\t\t\t\t\t\t\t\t\t\t\t\t\t\t\t<\/div>\n\t\t\t\t<\/div>\n\t\t\t\t\t<\/div>\n\t\t<\/div>\n\t\t\t\t<div class=\"elementor-column elementor-col-50 elementor-inner-column elementor-element elementor-element-3d61e874\" data-id=\"3d61e874\" data-element_type=\"column\">\n\t\t\t<div class=\"elementor-widget-wrap elementor-element-populated\">\n\t\t\t\t\t\t<div class=\"elementor-element elementor-element-667a6156 elementor-widget elementor-widget-text-editor\" data-id=\"667a6156\" data-element_type=\"widget\" data-widget_type=\"text-editor.default\">\n\t\t\t\t<div class=\"elementor-widget-container\">\n\t\t\t\t\t\t\t\t\t<p>\u00a9 Paratus Intelligence. All rights reserved.<\/p>\t\t\t\t\t\t\t\t<\/div>\n\t\t\t\t<\/div>\n\t\t\t\t\t<\/div>\n\t\t<\/div>\n\t\t\t\t\t<\/div>\n\t\t<\/section>\n\t\t\t\t\t<\/div>\n\t\t<\/div>\n\t\t\t\t<div class=\"elementor-column elementor-col-50 elementor-top-column elementor-element elementor-element-61ac151a\" data-id=\"61ac151a\" data-element_type=\"column\">\n\t\t\t<div class=\"elementor-widget-wrap elementor-element-populated\">\n\t\t\t\t\t\t<section class=\"elementor-section elementor-inner-section elementor-element elementor-element-4ca95c8d elementor-section-boxed elementor-section-height-default elementor-section-height-default\" data-id=\"4ca95c8d\" data-element_type=\"section\">\n\t\t\t\t\t\t<div class=\"elementor-container elementor-column-gap-default\">\n\t\t\t\t\t<div class=\"elementor-column elementor-col-50 elementor-inner-column elementor-element elementor-element-1912f62f\" data-id=\"1912f62f\" data-element_type=\"column\">\n\t\t\t<div class=\"elementor-widget-wrap elementor-element-populated\">\n\t\t\t\t\t\t<div class=\"elementor-element elementor-element-50f57731 elementor-widget elementor-widget-text-editor\" data-id=\"50f57731\" data-element_type=\"widget\" data-widget_type=\"text-editor.default\">\n\t\t\t\t<div class=\"elementor-widget-container\">\n\t\t\t\t\t\t\t\t\t<p>follow us<\/p>\t\t\t\t\t\t\t\t<\/div>\n\t\t\t\t<\/div>\n\t\t\t\t\t<\/div>\n\t\t<\/div>\n\t\t\t\t<div class=\"elementor-column elementor-col-50 elementor-inner-column elementor-element elementor-element-4b4c1820\" data-id=\"4b4c1820\" data-element_type=\"column\">\n\t\t\t<div class=\"elementor-widget-wrap elementor-element-populated\">\n\t\t\t\t\t\t<div class=\"elementor-element elementor-element-6ea3523f e-grid-align-left elementor-shape-rounded elementor-grid-0 elementor-widget elementor-widget-social-icons\" data-id=\"6ea3523f\" data-element_type=\"widget\" data-widget_type=\"social-icons.default\">\n\t\t\t\t<div class=\"elementor-widget-container\">\n\t\t\t\t\t\t\t<div class=\"elementor-social-icons-wrapper elementor-grid\">\n\t\t\t\t\t\t\t<span class=\"elementor-grid-item\">\n\t\t\t\t\t<a class=\"elementor-icon elementor-social-icon elementor-social-icon-instagram elementor-repeater-item-2321401\" href=\"https:\/\/www.instagram.com\/paratusintelligence\/\" target=\"_blank\">\n\t\t\t\t\t\t<span class=\"elementor-screen-only\">Instagram<\/span>\n\t\t\t\t\t\t<i class=\"fab fa-instagram\"><\/i>\t\t\t\t\t<\/a>\n\t\t\t\t<\/span>\n\t\t\t\t\t\t\t<span class=\"elementor-grid-item\">\n\t\t\t\t\t<a class=\"elementor-icon elementor-social-icon elementor-social-icon-youtube elementor-repeater-item-55f152d\" href=\"https:\/\/www.youtube.com\/\" target=\"_blank\">\n\t\t\t\t\t\t<span class=\"elementor-screen-only\">Youtube<\/span>\n\t\t\t\t\t\t<i class=\"fab fa-youtube\"><\/i>\t\t\t\t\t<\/a>\n\t\t\t\t<\/span>\n\t\t\t\t\t<\/div>\n\t\t\t\t\t\t<\/div>\n\t\t\t\t<\/div>\n\t\t\t\t\t<\/div>\n\t\t<\/div>\n\t\t\t\t\t<\/div>\n\t\t<\/section>\n\t\t\t\t\t<\/div>\n\t\t<\/div>\n\t\t\t\t\t<\/div>\n\t\t<\/section>\n\t\t\t\t<\/div>","protected":false},"excerpt":{"rendered":"<p>\u00c1reas ligadas \u00e0 sa\u00fade requerem cuidados extras em rela\u00e7\u00e3o \u00e0 seguran\u00e7a e ao controle de acesso. Hospitais, cl\u00ednicas ou pronto atendimentos necessitam mais do que simples capta\u00e7\u00f5es de imagens. A Prime oferece seguran\u00e7a pessoal e patrimonial, reduzindo ao m\u00e1ximo os riscos para funcion\u00e1rios e pacientes. Oferece tamb\u00e9m: Controle de acesso de pessoas a \u00e1reas restritas; [&hellip;]<\/p>","protected":false},"author":2,"featured_media":0,"parent":0,"menu_order":0,"comment_status":"closed","ping_status":"closed","template":"elementor_header_footer","meta":{"ocean_post_layout":"","ocean_both_sidebars_style":"","ocean_both_sidebars_content_width":0,"ocean_both_sidebars_sidebars_width":0,"ocean_sidebar":"0","ocean_second_sidebar":"0","ocean_disable_margins":"enable","ocean_add_body_class":"","ocean_shortcode_before_top_bar":"","ocean_shortcode_after_top_bar":"","ocean_shortcode_before_header":"","ocean_shortcode_after_header":"","ocean_has_shortcode":"","ocean_shortcode_after_title":"","ocean_shortcode_before_footer_widgets":"","ocean_shortcode_after_footer_widgets":"","ocean_shortcode_before_footer_bottom":"","ocean_shortcode_after_footer_bottom":"","ocean_display_top_bar":"default","ocean_display_header":"default","ocean_header_style":"","ocean_center_header_left_menu":"0","ocean_custom_header_template":"0","ocean_custom_logo":0,"ocean_custom_retina_logo":0,"ocean_custom_logo_max_width":0,"ocean_custom_logo_tablet_max_width":0,"ocean_custom_logo_mobile_max_width":0,"ocean_custom_logo_max_height":0,"ocean_custom_logo_tablet_max_height":0,"ocean_custom_logo_mobile_max_height":0,"ocean_header_custom_menu":"0","ocean_menu_typo_font_family":"0","ocean_menu_typo_font_subset":"","ocean_menu_typo_font_size":0,"ocean_menu_typo_font_size_tablet":0,"ocean_menu_typo_font_size_mobile":0,"ocean_menu_typo_font_size_unit":"px","ocean_menu_typo_font_weight":"","ocean_menu_typo_font_weight_tablet":"","ocean_menu_typo_font_weight_mobile":"","ocean_menu_typo_transform":"","ocean_menu_typo_transform_tablet":"","ocean_menu_typo_transform_mobile":"","ocean_menu_typo_line_height":0,"ocean_menu_typo_line_height_tablet":0,"ocean_menu_typo_line_height_mobile":0,"ocean_menu_typo_line_height_unit":"","ocean_menu_typo_spacing":0,"ocean_menu_typo_spacing_tablet":0,"ocean_menu_typo_spacing_mobile":0,"ocean_menu_typo_spacing_unit":"","ocean_menu_link_color":"","ocean_menu_link_color_hover":"","ocean_menu_link_color_active":"","ocean_menu_link_background":"","ocean_menu_link_hover_background":"","ocean_menu_link_active_background":"","ocean_menu_social_links_bg":"","ocean_menu_social_hover_links_bg":"","ocean_menu_social_links_color":"","ocean_menu_social_hover_links_color":"","ocean_disable_title":"on","ocean_disable_heading":"default","ocean_post_title":"","ocean_post_subheading":"","ocean_post_title_style":"","ocean_post_title_background_color":"","ocean_post_title_background":0,"ocean_post_title_bg_image_position":"","ocean_post_title_bg_image_attachment":"","ocean_post_title_bg_image_repeat":"","ocean_post_title_bg_image_size":"","ocean_post_title_height":0,"ocean_post_title_bg_overlay":0.5,"ocean_post_title_bg_overlay_color":"","ocean_disable_breadcrumbs":"off","ocean_breadcrumbs_color":"","ocean_breadcrumbs_separator_color":"","ocean_breadcrumbs_links_color":"","ocean_breadcrumbs_links_hover_color":"","ocean_display_footer_widgets":"off","ocean_display_footer_bottom":"off","ocean_custom_footer_template":"0","footnotes":""},"class_list":["post-1888","page","type-page","status-publish","hentry","entry"],"_links":{"self":[{"href":"https:\/\/paratusintelligence.com\/en\/wp-json\/wp\/v2\/pages\/1888","targetHints":{"allow":["GET"]}}],"collection":[{"href":"https:\/\/paratusintelligence.com\/en\/wp-json\/wp\/v2\/pages"}],"about":[{"href":"https:\/\/paratusintelligence.com\/en\/wp-json\/wp\/v2\/types\/page"}],"author":[{"embeddable":true,"href":"https:\/\/paratusintelligence.com\/en\/wp-json\/wp\/v2\/users\/2"}],"replies":[{"embeddable":true,"href":"https:\/\/paratusintelligence.com\/en\/wp-json\/wp\/v2\/comments?post=1888"}],"version-history":[{"count":4,"href":"https:\/\/paratusintelligence.com\/en\/wp-json\/wp\/v2\/pages\/1888\/revisions"}],"predecessor-version":[{"id":1892,"href":"https:\/\/paratusintelligence.com\/en\/wp-json\/wp\/v2\/pages\/1888\/revisions\/1892"}],"wp:attachment":[{"href":"https:\/\/paratusintelligence.com\/en\/wp-json\/wp\/v2\/media?parent=1888"}],"curies":[{"name":"wp","href":"https:\/\/api.w.org\/{rel}","templated":true}]}}