{"id":326,"date":"2021-11-26T17:56:50","date_gmt":"2021-11-26T17:56:50","guid":{"rendered":"https:\/\/rupptura.com.br\/prime\/?page_id=326"},"modified":"2022-05-20T11:37:16","modified_gmt":"2022-05-20T14:37:16","slug":"hidrovias-2","status":"publish","type":"page","link":"https:\/\/paratusintelligence.com\/en\/hidrovias-2\/","title":{"rendered":"Hidrovias"},"content":{"rendered":"<div data-elementor-type=\"wp-page\" data-elementor-id=\"326\" class=\"elementor elementor-326\">\n\t\t\t\t\t\t<section class=\"elementor-section elementor-top-section elementor-element elementor-element-05c320e elementor-section-full_width elementor-section-height-default elementor-section-height-default\" data-id=\"05c320e\" data-element_type=\"section\">\n\t\t\t\t\t\t<div class=\"elementor-container elementor-column-gap-default\">\n\t\t\t\t\t<div class=\"elementor-column elementor-col-100 elementor-top-column elementor-element elementor-element-c4273de\" data-id=\"c4273de\" data-element_type=\"column\">\n\t\t\t<div class=\"elementor-widget-wrap elementor-element-populated\">\n\t\t\t\t\t\t<div class=\"elementor-element elementor-element-ea7d8a5 elementor-widget elementor-widget-image\" data-id=\"ea7d8a5\" data-element_type=\"widget\" data-widget_type=\"image.default\">\n\t\t\t\t<div class=\"elementor-widget-container\">\n\t\t\t\t\t\t\t\t\t\t\t\t\t\t\t<img fetchpriority=\"high\" decoding=\"async\" width=\"1536\" height=\"365\" src=\"https:\/\/paratusintelligence.com\/wp-content\/uploads\/2022\/05\/5_Waterway.png\" class=\"attachment-full size-full wp-image-1802\" alt=\"\" srcset=\"https:\/\/paratusintelligence.com\/wp-content\/uploads\/2022\/05\/5_Waterway.png 1536w, https:\/\/paratusintelligence.com\/wp-content\/uploads\/2022\/05\/5_Waterway-300x71.png 300w, https:\/\/paratusintelligence.com\/wp-content\/uploads\/2022\/05\/5_Waterway-1024x243.png 1024w, https:\/\/paratusintelligence.com\/wp-content\/uploads\/2022\/05\/5_Waterway-768x183.png 768w, https:\/\/paratusintelligence.com\/wp-content\/uploads\/2022\/05\/5_Waterway-18x4.png 18w\" sizes=\"(max-width: 1536px) 100vw, 1536px\" \/>\t\t\t\t\t\t\t\t\t\t\t\t\t\t\t<\/div>\n\t\t\t\t<\/div>\n\t\t\t\t\t<\/div>\n\t\t<\/div>\n\t\t\t\t\t<\/div>\n\t\t<\/section>\n\t\t\t\t<section class=\"elementor-section elementor-top-section elementor-element elementor-element-9d87de7 elementor-section-boxed elementor-section-height-default elementor-section-height-default\" data-id=\"9d87de7\" data-element_type=\"section\" data-settings=\"{&quot;background_background&quot;:&quot;gradient&quot;}\">\n\t\t\t\t\t\t<div class=\"elementor-container elementor-column-gap-default\">\n\t\t\t\t\t<div class=\"elementor-column elementor-col-100 elementor-top-column elementor-element elementor-element-b69a4c3\" data-id=\"b69a4c3\" data-element_type=\"column\">\n\t\t\t<div class=\"elementor-widget-wrap elementor-element-populated\">\n\t\t\t\t\t\t<div class=\"elementor-element elementor-element-75eafeb elementor-widget elementor-widget-text-editor\" data-id=\"75eafeb\" data-element_type=\"widget\" data-widget_type=\"text-editor.default\">\n\t\t\t\t<div class=\"elementor-widget-container\">\n\t\t\t\t\t\t\t\t\t<p>Paratus is recognized as the company that has developed the most waterway projects in Brazil, being specialized in projects of the turnkey type.<\/p>\t\t\t\t\t\t\t\t<\/div>\n\t\t\t\t<\/div>\n\t\t\t\t\t<\/div>\n\t\t<\/div>\n\t\t\t\t\t<\/div>\n\t\t<\/section>\n\t\t\t\t<section class=\"elementor-section elementor-top-section elementor-element elementor-element-5c2bcf9 elementor-reverse-tablet elementor-reverse-mobile elementor-section-boxed elementor-section-height-default elementor-section-height-default\" data-id=\"5c2bcf9\" data-element_type=\"section\" data-settings=\"{&quot;background_background&quot;:&quot;gradient&quot;}\">\n\t\t\t\t\t\t<div class=\"elementor-container elementor-column-gap-default\">\n\t\t\t\t\t<div class=\"elementor-column elementor-col-50 elementor-top-column elementor-element elementor-element-418e1cc\" data-id=\"418e1cc\" data-element_type=\"column\">\n\t\t\t<div class=\"elementor-widget-wrap elementor-element-populated\">\n\t\t\t\t\t\t<div class=\"elementor-element elementor-element-c2f4602 elementor-widget elementor-widget-text-editor\" data-id=\"c2f4602\" data-element_type=\"widget\" data-widget_type=\"text-editor.default\">\n\t\t\t\t<div class=\"elementor-widget-container\">\n\t\t\t\t\t\t\t\t\t<p><span style=\"font-weight: 400;\">It is able to offer solution that encompasses marine radios, silo automation, tracking, cargo scheduling, customs control of entry and exit, structured cabling, generators and anti-explosion equipment (hazardous cargos - ore fuels and fertilizers).<\/span><\/p>\t\t\t\t\t\t\t\t<\/div>\n\t\t\t\t<\/div>\n\t\t\t\t\t<\/div>\n\t\t<\/div>\n\t\t\t\t<div class=\"elementor-column elementor-col-50 elementor-top-column elementor-element elementor-element-b639155\" data-id=\"b639155\" data-element_type=\"column\">\n\t\t\t<div class=\"elementor-widget-wrap elementor-element-populated\">\n\t\t\t\t\t\t<div class=\"elementor-element elementor-element-92f886f elementor-widget elementor-widget-image\" data-id=\"92f886f\" data-element_type=\"widget\" data-widget_type=\"image.default\">\n\t\t\t\t<div class=\"elementor-widget-container\">\n\t\t\t\t\t\t\t\t\t\t\t\t\t\t\t<img decoding=\"async\" width=\"1024\" height=\"1024\" data-src=\"https:\/\/paratusintelligence.com\/wp-content\/uploads\/2022\/05\/close-up-male-hands-using-smartphone_2-1024x1024.jpg\" class=\"elementor-animation-bob attachment-large size-large wp-image-1877 lazyload\" alt=\"\" data-srcset=\"https:\/\/paratusintelligence.com\/wp-content\/uploads\/2022\/05\/close-up-male-hands-using-smartphone_2-1024x1024.jpg 1024w, https:\/\/paratusintelligence.com\/wp-content\/uploads\/2022\/05\/close-up-male-hands-using-smartphone_2-300x300.jpg 300w, https:\/\/paratusintelligence.com\/wp-content\/uploads\/2022\/05\/close-up-male-hands-using-smartphone_2-150x150.jpg 150w, https:\/\/paratusintelligence.com\/wp-content\/uploads\/2022\/05\/close-up-male-hands-using-smartphone_2-768x768.jpg 768w, https:\/\/paratusintelligence.com\/wp-content\/uploads\/2022\/05\/close-up-male-hands-using-smartphone_2-1536x1536.jpg 1536w, https:\/\/paratusintelligence.com\/wp-content\/uploads\/2022\/05\/close-up-male-hands-using-smartphone_2-2048x2048.jpg 2048w, https:\/\/paratusintelligence.com\/wp-content\/uploads\/2022\/05\/close-up-male-hands-using-smartphone_2-12x12.jpg 12w, https:\/\/paratusintelligence.com\/wp-content\/uploads\/2022\/05\/close-up-male-hands-using-smartphone_2-600x600.jpg 600w\" data-sizes=\"(max-width: 1024px) 100vw, 1024px\" src=\"data:image\/gif;base64,R0lGODlhAQABAAAAACH5BAEKAAEALAAAAAABAAEAAAICTAEAOw==\" style=\"--smush-placeholder-width: 1024px; --smush-placeholder-aspect-ratio: 1024\/1024;\" \/>\t\t\t\t\t\t\t\t\t\t\t\t\t\t\t<\/div>\n\t\t\t\t<\/div>\n\t\t\t\t\t<\/div>\n\t\t<\/div>\n\t\t\t\t\t<\/div>\n\t\t<\/section>\n\t\t\t\t<section class=\"elementor-section elementor-top-section elementor-element elementor-element-33f93166 elementor-section-boxed elementor-section-height-default elementor-section-height-default\" data-id=\"33f93166\" data-element_type=\"section\" data-settings=\"{&quot;background_background&quot;:&quot;classic&quot;}\">\n\t\t\t\t\t\t<div class=\"elementor-container elementor-column-gap-default\">\n\t\t\t\t\t<div class=\"elementor-column elementor-col-25 elementor-top-column elementor-element elementor-element-4ddeb3ec\" data-id=\"4ddeb3ec\" data-element_type=\"column\">\n\t\t\t<div class=\"elementor-widget-wrap elementor-element-populated\">\n\t\t\t\t\t\t<div class=\"elementor-element elementor-element-4c3c1bc4 elementor-widget elementor-widget-text-editor\" data-id=\"4c3c1bc4\" data-element_type=\"widget\" data-widget_type=\"text-editor.default\">\n\t\t\t\t<div class=\"elementor-widget-container\">\n\t\t\t\t\t\t\t\t\t<p><strong><a href=\"https:\/\/paratusintelligence.com\/en\/?page_id=102\">Solutions<\/a><br \/><\/strong><\/p><p><a href=\"https:\/\/paratusintelligence.com\/en\/?page_id=127\">Logistics and Ports<\/a><br \/><a href=\"https:\/\/paratusintelligence.com\/en\/?page_id=267\">Tracking and Transport<\/a><br \/><a href=\"https:\/\/paratusintelligence.com\/en\/?page_id=446\">Public security<\/a><br \/><a href=\"https:\/\/paratusintelligence.com\/en\/?page_id=371\">Transmission lines<\/a><br \/><a href=\"https:\/\/paratusintelligence.com\/en\/?page_id=298\">Traffic Control<\/a><br \/><a href=\"https:\/\/paratusintelligence.com\/en\/?page_id=433\">People Monitoring<\/a><br \/><a href=\"https:\/\/paratusintelligence.com\/en\/?page_id=468\">Hospital Area<\/a><br \/><a href=\"https:\/\/paratusintelligence.com\/en\/?page_id=415\">Construction Monitoring<\/a><br \/><a href=\"https:\/\/paratusintelligence.com\/en\/?page_id=384\">Power Plant<\/a><br \/><a href=\"https:\/\/paratusintelligence.com\/en\/?page_id=403\">Industry<\/a><\/p>\t\t\t\t\t\t\t\t<\/div>\n\t\t\t\t<\/div>\n\t\t\t\t\t<\/div>\n\t\t<\/div>\n\t\t\t\t<div class=\"elementor-column elementor-col-25 elementor-top-column elementor-element elementor-element-239a7bf1\" data-id=\"239a7bf1\" data-element_type=\"column\">\n\t\t\t<div class=\"elementor-widget-wrap elementor-element-populated\">\n\t\t\t\t\t\t<div class=\"elementor-element elementor-element-1f39d550 elementor-widget elementor-widget-text-editor\" data-id=\"1f39d550\" data-element_type=\"widget\" data-widget_type=\"text-editor.default\">\n\t\t\t\t<div class=\"elementor-widget-container\">\n\t\t\t\t\t\t\t\t\t<p><strong>About the Paratus<br \/><\/strong><\/p><p><a href=\"https:\/\/paratusintelligence.com\/en\/?page_id=67\">Who we are<\/a><br \/><a href=\"https:\/\/paratusintelligence.com\/en\/?page_id=658\">Partners<\/a><\/p><p><strong>Talk to us<\/strong><\/p><p><a href=\"https:\/\/paratusintelligence.com\/en\/?page_id=143\">Contact<\/a><br \/>contact@paratusintelligence.com<\/p>\t\t\t\t\t\t\t\t<\/div>\n\t\t\t\t<\/div>\n\t\t\t\t\t<\/div>\n\t\t<\/div>\n\t\t\t\t<div class=\"elementor-column elementor-col-50 elementor-top-column elementor-element elementor-element-5c098355\" data-id=\"5c098355\" data-element_type=\"column\">\n\t\t\t<div class=\"elementor-widget-wrap elementor-element-populated\">\n\t\t\t\t\t\t<div class=\"elementor-element elementor-element-2ae8e0b4 elementor-widget elementor-widget-text-editor\" data-id=\"2ae8e0b4\" data-element_type=\"widget\" data-widget_type=\"text-editor.default\">\n\t\t\t\t<div class=\"elementor-widget-container\">\n\t\t\t\t\t\t\t\t\t<p><strong>Paratus in the world<\/strong><\/p>\t\t\t\t\t\t\t\t<\/div>\n\t\t\t\t<\/div>\n\t\t\t\t<div class=\"elementor-element elementor-element-298e1f8d elementor-widget elementor-widget-image\" data-id=\"298e1f8d\" data-element_type=\"widget\" data-widget_type=\"image.default\">\n\t\t\t\t<div class=\"elementor-widget-container\">\n\t\t\t\t\t\t\t\t\t\t\t\t\t\t\t<img decoding=\"async\" width=\"677\" height=\"361\" data-src=\"https:\/\/paratusintelligence.com\/wp-content\/uploads\/2021\/11\/mapa.png\" class=\"attachment-large size-large wp-image-51 lazyload\" alt=\"\" data-srcset=\"https:\/\/paratusintelligence.com\/wp-content\/uploads\/2021\/11\/mapa.png 677w, https:\/\/paratusintelligence.com\/wp-content\/uploads\/2021\/11\/mapa-300x160.png 300w, https:\/\/paratusintelligence.com\/wp-content\/uploads\/2021\/11\/mapa-18x10.png 18w\" data-sizes=\"(max-width: 677px) 100vw, 677px\" src=\"data:image\/gif;base64,R0lGODlhAQABAAAAACH5BAEKAAEALAAAAAABAAEAAAICTAEAOw==\" style=\"--smush-placeholder-width: 677px; --smush-placeholder-aspect-ratio: 677\/361;\" \/>\t\t\t\t\t\t\t\t\t\t\t\t\t\t\t<\/div>\n\t\t\t\t<\/div>\n\t\t\t\t\t<\/div>\n\t\t<\/div>\n\t\t\t\t\t<\/div>\n\t\t<\/section>\n\t\t\t\t<section class=\"elementor-section elementor-top-section elementor-element elementor-element-535e6a1 elementor-section-full_width elementor-section-height-default elementor-section-height-default\" data-id=\"535e6a1\" data-element_type=\"section\">\n\t\t\t\t\t\t<div class=\"elementor-container elementor-column-gap-default\">\n\t\t\t\t\t<div class=\"elementor-column elementor-col-100 elementor-top-column elementor-element elementor-element-f5a1593\" data-id=\"f5a1593\" data-element_type=\"column\">\n\t\t\t<div class=\"elementor-widget-wrap elementor-element-populated\">\n\t\t\t\t\t\t<div class=\"elementor-element elementor-element-10124be elementor-widget-divider--view-line elementor-widget elementor-widget-divider\" data-id=\"10124be\" data-element_type=\"widget\" data-widget_type=\"divider.default\">\n\t\t\t\t<div class=\"elementor-widget-container\">\n\t\t\t\t\t\t\t<div class=\"elementor-divider\">\n\t\t\t<span class=\"elementor-divider-separator\">\n\t\t\t\t\t\t<\/span>\n\t\t<\/div>\n\t\t\t\t\t\t<\/div>\n\t\t\t\t<\/div>\n\t\t\t\t\t<\/div>\n\t\t<\/div>\n\t\t\t\t\t<\/div>\n\t\t<\/section>\n\t\t\t\t<section class=\"elementor-section elementor-top-section elementor-element elementor-element-412afb0e elementor-section-boxed elementor-section-height-default elementor-section-height-default\" data-id=\"412afb0e\" data-element_type=\"section\" data-settings=\"{&quot;background_background&quot;:&quot;classic&quot;}\">\n\t\t\t\t\t\t<div class=\"elementor-container elementor-column-gap-default\">\n\t\t\t\t\t<div class=\"elementor-column elementor-col-50 elementor-top-column elementor-element elementor-element-416ee254\" data-id=\"416ee254\" data-element_type=\"column\">\n\t\t\t<div class=\"elementor-widget-wrap elementor-element-populated\">\n\t\t\t\t\t\t<section class=\"elementor-section elementor-inner-section elementor-element elementor-element-5d4adfb1 elementor-section-full_width elementor-section-height-default elementor-section-height-default\" data-id=\"5d4adfb1\" data-element_type=\"section\">\n\t\t\t\t\t\t<div class=\"elementor-container elementor-column-gap-default\">\n\t\t\t\t\t<div class=\"elementor-column elementor-col-50 elementor-inner-column elementor-element elementor-element-15e74a62\" data-id=\"15e74a62\" data-element_type=\"column\">\n\t\t\t<div class=\"elementor-widget-wrap elementor-element-populated\">\n\t\t\t\t\t\t<div class=\"elementor-element elementor-element-453dc5fc elementor-widget elementor-widget-image\" data-id=\"453dc5fc\" data-element_type=\"widget\" data-widget_type=\"image.default\">\n\t\t\t\t<div class=\"elementor-widget-container\">\n\t\t\t\t\t\t\t\t\t\t\t\t\t\t\t<img decoding=\"async\" width=\"1016\" height=\"287\" data-src=\"https:\/\/paratusintelligence.com\/wp-content\/uploads\/2022\/05\/logo.png\" class=\"attachment-large size-large wp-image-1502 lazyload\" alt=\"\" data-srcset=\"https:\/\/paratusintelligence.com\/wp-content\/uploads\/2022\/05\/logo.png 1016w, https:\/\/paratusintelligence.com\/wp-content\/uploads\/2022\/05\/logo-300x85.png 300w, https:\/\/paratusintelligence.com\/wp-content\/uploads\/2022\/05\/logo-768x217.png 768w, https:\/\/paratusintelligence.com\/wp-content\/uploads\/2022\/05\/logo-18x5.png 18w\" data-sizes=\"(max-width: 1016px) 100vw, 1016px\" src=\"data:image\/gif;base64,R0lGODlhAQABAAAAACH5BAEKAAEALAAAAAABAAEAAAICTAEAOw==\" style=\"--smush-placeholder-width: 1016px; --smush-placeholder-aspect-ratio: 1016\/287;\" \/>\t\t\t\t\t\t\t\t\t\t\t\t\t\t\t<\/div>\n\t\t\t\t<\/div>\n\t\t\t\t\t<\/div>\n\t\t<\/div>\n\t\t\t\t<div class=\"elementor-column elementor-col-50 elementor-inner-column elementor-element elementor-element-4c7be78b\" data-id=\"4c7be78b\" data-element_type=\"column\">\n\t\t\t<div class=\"elementor-widget-wrap elementor-element-populated\">\n\t\t\t\t\t\t<div class=\"elementor-element elementor-element-7bdda147 elementor-widget elementor-widget-text-editor\" data-id=\"7bdda147\" data-element_type=\"widget\" data-widget_type=\"text-editor.default\">\n\t\t\t\t<div class=\"elementor-widget-container\">\n\t\t\t\t\t\t\t\t\t<p>\u00a9 Paratus Intelligence. All rights reserved.<\/p>\t\t\t\t\t\t\t\t<\/div>\n\t\t\t\t<\/div>\n\t\t\t\t\t<\/div>\n\t\t<\/div>\n\t\t\t\t\t<\/div>\n\t\t<\/section>\n\t\t\t\t\t<\/div>\n\t\t<\/div>\n\t\t\t\t<div class=\"elementor-column elementor-col-50 elementor-top-column elementor-element elementor-element-19ae5baa\" data-id=\"19ae5baa\" data-element_type=\"column\">\n\t\t\t<div class=\"elementor-widget-wrap elementor-element-populated\">\n\t\t\t\t\t\t<section class=\"elementor-section elementor-inner-section elementor-element elementor-element-682489ff elementor-section-boxed elementor-section-height-default elementor-section-height-default\" data-id=\"682489ff\" data-element_type=\"section\">\n\t\t\t\t\t\t<div class=\"elementor-container elementor-column-gap-default\">\n\t\t\t\t\t<div class=\"elementor-column elementor-col-50 elementor-inner-column elementor-element elementor-element-26e14f9e\" data-id=\"26e14f9e\" data-element_type=\"column\">\n\t\t\t<div class=\"elementor-widget-wrap elementor-element-populated\">\n\t\t\t\t\t\t<div class=\"elementor-element elementor-element-1adbe7af elementor-widget elementor-widget-text-editor\" data-id=\"1adbe7af\" data-element_type=\"widget\" data-widget_type=\"text-editor.default\">\n\t\t\t\t<div class=\"elementor-widget-container\">\n\t\t\t\t\t\t\t\t\t<p>follow us<\/p>\t\t\t\t\t\t\t\t<\/div>\n\t\t\t\t<\/div>\n\t\t\t\t\t<\/div>\n\t\t<\/div>\n\t\t\t\t<div class=\"elementor-column elementor-col-50 elementor-inner-column elementor-element elementor-element-30c9be3e\" data-id=\"30c9be3e\" data-element_type=\"column\">\n\t\t\t<div class=\"elementor-widget-wrap elementor-element-populated\">\n\t\t\t\t\t\t<div class=\"elementor-element elementor-element-7534a042 e-grid-align-left elementor-shape-rounded elementor-grid-0 elementor-widget elementor-widget-social-icons\" data-id=\"7534a042\" data-element_type=\"widget\" data-widget_type=\"social-icons.default\">\n\t\t\t\t<div class=\"elementor-widget-container\">\n\t\t\t\t\t\t\t<div class=\"elementor-social-icons-wrapper elementor-grid\">\n\t\t\t\t\t\t\t<span class=\"elementor-grid-item\">\n\t\t\t\t\t<a class=\"elementor-icon elementor-social-icon elementor-social-icon-instagram elementor-repeater-item-2321401\" href=\"https:\/\/www.instagram.com\/paratusintelligence\/\" target=\"_blank\">\n\t\t\t\t\t\t<span class=\"elementor-screen-only\">Instagram<\/span>\n\t\t\t\t\t\t<i class=\"fab fa-instagram\"><\/i>\t\t\t\t\t<\/a>\n\t\t\t\t<\/span>\n\t\t\t\t\t\t\t<span class=\"elementor-grid-item\">\n\t\t\t\t\t<a class=\"elementor-icon elementor-social-icon elementor-social-icon-youtube elementor-repeater-item-55f152d\" href=\"https:\/\/www.youtube.com\/\" target=\"_blank\">\n\t\t\t\t\t\t<span class=\"elementor-screen-only\">Youtube<\/span>\n\t\t\t\t\t\t<i class=\"fab fa-youtube\"><\/i>\t\t\t\t\t<\/a>\n\t\t\t\t<\/span>\n\t\t\t\t\t<\/div>\n\t\t\t\t\t\t<\/div>\n\t\t\t\t<\/div>\n\t\t\t\t\t<\/div>\n\t\t<\/div>\n\t\t\t\t\t<\/div>\n\t\t<\/section>\n\t\t\t\t\t<\/div>\n\t\t<\/div>\n\t\t\t\t\t<\/div>\n\t\t<\/section>\n\t\t\t\t<\/div>","protected":false},"excerpt":{"rendered":"<p>A Paratus \u00e9 reconhecidamente a empresa que mais desenvolveu projetos hidrovi\u00e1rios no Brasil, especializando-se em projetos do tipo turnkey. A empresa \u00e9 capaz de oferecer solu\u00e7\u00e3o de amplo espectro, para, por exemplo, r\u00e1dios mar\u00edtimos, automatizar de silos, rastrear, agendar carga, realizar controles aduaneiros de entrada e sa\u00edda e lidar com quest\u00f5es ligadas a cabeamento estruturado, [&hellip;]<\/p>","protected":false},"author":2,"featured_media":0,"parent":0,"menu_order":0,"comment_status":"closed","ping_status":"closed","template":"elementor_header_footer","meta":{"ocean_post_layout":"","ocean_both_sidebars_style":"","ocean_both_sidebars_content_width":0,"ocean_both_sidebars_sidebars_width":0,"ocean_sidebar":"0","ocean_second_sidebar":"0","ocean_disable_margins":"enable","ocean_add_body_class":"","ocean_shortcode_before_top_bar":"","ocean_shortcode_after_top_bar":"","ocean_shortcode_before_header":"","ocean_shortcode_after_header":"","ocean_has_shortcode":"","ocean_shortcode_after_title":"","ocean_shortcode_before_footer_widgets":"","ocean_shortcode_after_footer_widgets":"","ocean_shortcode_before_footer_bottom":"","ocean_shortcode_after_footer_bottom":"","ocean_display_top_bar":"default","ocean_display_header":"default","ocean_header_style":"","ocean_center_header_left_menu":"0","ocean_custom_header_template":"0","ocean_custom_logo":0,"ocean_custom_retina_logo":0,"ocean_custom_logo_max_width":0,"ocean_custom_logo_tablet_max_width":0,"ocean_custom_logo_mobile_max_width":0,"ocean_custom_logo_max_height":0,"ocean_custom_logo_tablet_max_height":0,"ocean_custom_logo_mobile_max_height":0,"ocean_header_custom_menu":"0","ocean_menu_typo_font_family":"0","ocean_menu_typo_font_subset":"","ocean_menu_typo_font_size":0,"ocean_menu_typo_font_size_tablet":0,"ocean_menu_typo_font_size_mobile":0,"ocean_menu_typo_font_size_unit":"px","ocean_menu_typo_font_weight":"","ocean_menu_typo_font_weight_tablet":"","ocean_menu_typo_font_weight_mobile":"","ocean_menu_typo_transform":"","ocean_menu_typo_transform_tablet":"","ocean_menu_typo_transform_mobile":"","ocean_menu_typo_line_height":0,"ocean_menu_typo_line_height_tablet":0,"ocean_menu_typo_line_height_mobile":0,"ocean_menu_typo_line_height_unit":"","ocean_menu_typo_spacing":0,"ocean_menu_typo_spacing_tablet":0,"ocean_menu_typo_spacing_mobile":0,"ocean_menu_typo_spacing_unit":"","ocean_menu_link_color":"","ocean_menu_link_color_hover":"","ocean_menu_link_color_active":"","ocean_menu_link_background":"","ocean_menu_link_hover_background":"","ocean_menu_link_active_background":"","ocean_menu_social_links_bg":"","ocean_menu_social_hover_links_bg":"","ocean_menu_social_links_color":"","ocean_menu_social_hover_links_color":"","ocean_disable_title":"on","ocean_disable_heading":"default","ocean_post_title":"","ocean_post_subheading":"","ocean_post_title_style":"","ocean_post_title_background_color":"","ocean_post_title_background":0,"ocean_post_title_bg_image_position":"","ocean_post_title_bg_image_attachment":"","ocean_post_title_bg_image_repeat":"","ocean_post_title_bg_image_size":"","ocean_post_title_height":0,"ocean_post_title_bg_overlay":0.5,"ocean_post_title_bg_overlay_color":"","ocean_disable_breadcrumbs":"off","ocean_breadcrumbs_color":"","ocean_breadcrumbs_separator_color":"","ocean_breadcrumbs_links_color":"","ocean_breadcrumbs_links_hover_color":"","ocean_display_footer_widgets":"off","ocean_display_footer_bottom":"off","ocean_custom_footer_template":"0","footnotes":""},"class_list":["post-326","page","type-page","status-publish","hentry","entry"],"_links":{"self":[{"href":"https:\/\/paratusintelligence.com\/en\/wp-json\/wp\/v2\/pages\/326","targetHints":{"allow":["GET"]}}],"collection":[{"href":"https:\/\/paratusintelligence.com\/en\/wp-json\/wp\/v2\/pages"}],"about":[{"href":"https:\/\/paratusintelligence.com\/en\/wp-json\/wp\/v2\/types\/page"}],"author":[{"embeddable":true,"href":"https:\/\/paratusintelligence.com\/en\/wp-json\/wp\/v2\/users\/2"}],"replies":[{"embeddable":true,"href":"https:\/\/paratusintelligence.com\/en\/wp-json\/wp\/v2\/comments?post=326"}],"version-history":[{"count":15,"href":"https:\/\/paratusintelligence.com\/en\/wp-json\/wp\/v2\/pages\/326\/revisions"}],"predecessor-version":[{"id":1880,"href":"https:\/\/paratusintelligence.com\/en\/wp-json\/wp\/v2\/pages\/326\/revisions\/1880"}],"wp:attachment":[{"href":"https:\/\/paratusintelligence.com\/en\/wp-json\/wp\/v2\/media?parent=326"}],"curies":[{"name":"wp","href":"https:\/\/api.w.org\/{rel}","templated":true}]}}