{"id":403,"date":"2021-11-29T13:07:43","date_gmt":"2021-11-29T13:07:43","guid":{"rendered":"https:\/\/rupptura.com.br\/prime\/?page_id=403"},"modified":"2022-05-20T11:43:00","modified_gmt":"2022-05-20T14:43:00","slug":"industria-2","status":"publish","type":"page","link":"https:\/\/paratusintelligence.com\/en\/industria-2\/","title":{"rendered":"Industry"},"content":{"rendered":"<div data-elementor-type=\"wp-page\" data-elementor-id=\"403\" class=\"elementor elementor-403\">\n\t\t\t\t\t\t<section class=\"elementor-section elementor-top-section elementor-element elementor-element-05c320e elementor-section-full_width elementor-section-height-default elementor-section-height-default\" data-id=\"05c320e\" data-element_type=\"section\">\n\t\t\t\t\t\t<div class=\"elementor-container elementor-column-gap-default\">\n\t\t\t\t\t<div class=\"elementor-column elementor-col-100 elementor-top-column elementor-element elementor-element-c4273de\" data-id=\"c4273de\" data-element_type=\"column\">\n\t\t\t<div class=\"elementor-widget-wrap elementor-element-populated\">\n\t\t\t\t\t\t<div class=\"elementor-element elementor-element-ea7d8a5 elementor-widget elementor-widget-image\" data-id=\"ea7d8a5\" data-element_type=\"widget\" data-widget_type=\"image.default\">\n\t\t\t\t<div class=\"elementor-widget-container\">\n\t\t\t\t\t\t\t\t\t\t\t\t\t\t\t<img fetchpriority=\"high\" decoding=\"async\" width=\"1536\" height=\"365\" src=\"https:\/\/paratusintelligence.com\/wp-content\/uploads\/2022\/05\/10_Industry.png\" class=\"attachment-full size-full wp-image-1838\" alt=\"\" srcset=\"https:\/\/paratusintelligence.com\/wp-content\/uploads\/2022\/05\/10_Industry.png 1536w, https:\/\/paratusintelligence.com\/wp-content\/uploads\/2022\/05\/10_Industry-300x71.png 300w, https:\/\/paratusintelligence.com\/wp-content\/uploads\/2022\/05\/10_Industry-1024x243.png 1024w, https:\/\/paratusintelligence.com\/wp-content\/uploads\/2022\/05\/10_Industry-768x183.png 768w, https:\/\/paratusintelligence.com\/wp-content\/uploads\/2022\/05\/10_Industry-18x4.png 18w\" sizes=\"(max-width: 1536px) 100vw, 1536px\" \/>\t\t\t\t\t\t\t\t\t\t\t\t\t\t\t<\/div>\n\t\t\t\t<\/div>\n\t\t\t\t\t<\/div>\n\t\t<\/div>\n\t\t\t\t\t<\/div>\n\t\t<\/section>\n\t\t\t\t<section class=\"elementor-section elementor-top-section elementor-element elementor-element-9d87de7 elementor-section-boxed elementor-section-height-default elementor-section-height-default\" data-id=\"9d87de7\" data-element_type=\"section\" data-settings=\"{&quot;background_background&quot;:&quot;gradient&quot;}\">\n\t\t\t\t\t\t<div class=\"elementor-container elementor-column-gap-default\">\n\t\t\t\t\t<div class=\"elementor-column elementor-col-100 elementor-top-column elementor-element elementor-element-b69a4c3\" data-id=\"b69a4c3\" data-element_type=\"column\">\n\t\t\t<div class=\"elementor-widget-wrap elementor-element-populated\">\n\t\t\t\t\t\t<div class=\"elementor-element elementor-element-75eafeb elementor-widget elementor-widget-text-editor\" data-id=\"75eafeb\" data-element_type=\"widget\" data-widget_type=\"text-editor.default\">\n\t\t\t\t<div class=\"elementor-widget-container\">\n\t\t\t\t\t\t\t\t\t<p>Industrial automation is one of the main sources of high production performance.<\/p>\t\t\t\t\t\t\t\t<\/div>\n\t\t\t\t<\/div>\n\t\t\t\t<div class=\"elementor-element elementor-element-60ce65b elementor-widget elementor-widget-text-editor\" data-id=\"60ce65b\" data-element_type=\"widget\" data-widget_type=\"text-editor.default\">\n\t\t\t\t<div class=\"elementor-widget-container\">\n\t\t\t\t\t\t\t\t\t<p><span style=\"font-weight: 400;\">Paratus makes it possible to monitor the production line with the supply and installation of high-definition cameras and modern sensors at each stage of production. <\/span><b>This means that 100% of the process is now monitored.<\/b><\/p>\t\t\t\t\t\t\t\t<\/div>\n\t\t\t\t<\/div>\n\t\t\t\t<div class=\"elementor-element elementor-element-f65744d elementor-widget elementor-widget-image\" data-id=\"f65744d\" data-element_type=\"widget\" data-widget_type=\"image.default\">\n\t\t\t\t<div class=\"elementor-widget-container\">\n\t\t\t\t\t\t\t\t\t\t\t\t\t\t\t<img decoding=\"async\" width=\"1404\" height=\"784\" data-src=\"https:\/\/paratusintelligence.com\/wp-content\/uploads\/2021\/11\/industria-1.jpg\" class=\"elementor-animation-float attachment-full size-full wp-image-410 lazyload\" alt=\"\" data-srcset=\"https:\/\/paratusintelligence.com\/wp-content\/uploads\/2021\/11\/industria-1.jpg 1404w, https:\/\/paratusintelligence.com\/wp-content\/uploads\/2021\/11\/industria-1-300x168.jpg 300w, https:\/\/paratusintelligence.com\/wp-content\/uploads\/2021\/11\/industria-1-1024x572.jpg 1024w, https:\/\/paratusintelligence.com\/wp-content\/uploads\/2021\/11\/industria-1-768x429.jpg 768w, https:\/\/paratusintelligence.com\/wp-content\/uploads\/2021\/11\/industria-1-18x10.jpg 18w\" data-sizes=\"(max-width: 1404px) 100vw, 1404px\" src=\"data:image\/gif;base64,R0lGODlhAQABAAAAACH5BAEKAAEALAAAAAABAAEAAAICTAEAOw==\" style=\"--smush-placeholder-width: 1404px; --smush-placeholder-aspect-ratio: 1404\/784;\" \/>\t\t\t\t\t\t\t\t\t\t\t\t\t\t\t<\/div>\n\t\t\t\t<\/div>\n\t\t\t\t\t<\/div>\n\t\t<\/div>\n\t\t\t\t\t<\/div>\n\t\t<\/section>\n\t\t\t\t<section class=\"elementor-section elementor-top-section elementor-element elementor-element-ddd816a elementor-section-boxed elementor-section-height-default elementor-section-height-default\" data-id=\"ddd816a\" data-element_type=\"section\">\n\t\t\t\t\t\t<div class=\"elementor-container elementor-column-gap-default\">\n\t\t\t\t\t<div class=\"elementor-column elementor-col-50 elementor-top-column elementor-element elementor-element-1013d4e\" data-id=\"1013d4e\" data-element_type=\"column\">\n\t\t\t<div class=\"elementor-widget-wrap elementor-element-populated\">\n\t\t\t\t\t\t<div class=\"elementor-element elementor-element-377d088 elementor-widget elementor-widget-text-editor\" data-id=\"377d088\" data-element_type=\"widget\" data-widget_type=\"text-editor.default\">\n\t\t\t\t<div class=\"elementor-widget-container\">\n\t\t\t\t\t\t\t\t\t<p><span style=\"font-weight: 400;\">With this implementation, human errors are eliminated, ensuring that the product will be commercialized in full compliance with the company's quality policy.<\/span><\/p><p><span style=\"font-weight: 400;\">By means of pattern interpretation technology, a system of <\/span><b>quality control<\/b><span style=\"font-weight: 400;\"> it is enabled to locate imperfections or differences in sizes, colors, shapes and textures. This system is still able to make decisions as scheduled, such as separation, disposal or issuing alerts<\/span><\/p><p><span style=\"color: #003366;\"><strong>In this sector, Paratus guarantees compliance with the patterns of quality standards, e.g., QS and ISO.<\/strong><\/span><\/p>\t\t\t\t\t\t\t\t<\/div>\n\t\t\t\t<\/div>\n\t\t\t\t\t<\/div>\n\t\t<\/div>\n\t\t\t\t<div class=\"elementor-column elementor-col-50 elementor-top-column elementor-element elementor-element-9584a27\" data-id=\"9584a27\" data-element_type=\"column\">\n\t\t\t<div class=\"elementor-widget-wrap elementor-element-populated\">\n\t\t\t\t\t\t<div class=\"elementor-element elementor-element-ed82fc7 elementor-widget elementor-widget-image\" data-id=\"ed82fc7\" data-element_type=\"widget\" data-widget_type=\"image.default\">\n\t\t\t\t<div class=\"elementor-widget-container\">\n\t\t\t\t\t\t\t\t\t\t\t\t\t\t\t<img decoding=\"async\" width=\"1024\" height=\"1024\" data-src=\"https:\/\/paratusintelligence.com\/wp-content\/uploads\/2022\/05\/Prancheta-1-1024x1024.jpg\" class=\"elementor-animation-bob attachment-large size-large wp-image-1881 lazyload\" alt=\"\" data-srcset=\"https:\/\/paratusintelligence.com\/wp-content\/uploads\/2022\/05\/Prancheta-1-1024x1024.jpg 1024w, https:\/\/paratusintelligence.com\/wp-content\/uploads\/2022\/05\/Prancheta-1-300x300.jpg 300w, https:\/\/paratusintelligence.com\/wp-content\/uploads\/2022\/05\/Prancheta-1-150x150.jpg 150w, https:\/\/paratusintelligence.com\/wp-content\/uploads\/2022\/05\/Prancheta-1-768x768.jpg 768w, https:\/\/paratusintelligence.com\/wp-content\/uploads\/2022\/05\/Prancheta-1-1536x1536.jpg 1536w, https:\/\/paratusintelligence.com\/wp-content\/uploads\/2022\/05\/Prancheta-1-2048x2048.jpg 2048w, https:\/\/paratusintelligence.com\/wp-content\/uploads\/2022\/05\/Prancheta-1-12x12.jpg 12w, https:\/\/paratusintelligence.com\/wp-content\/uploads\/2022\/05\/Prancheta-1-600x600.jpg 600w\" data-sizes=\"(max-width: 1024px) 100vw, 1024px\" src=\"data:image\/gif;base64,R0lGODlhAQABAAAAACH5BAEKAAEALAAAAAABAAEAAAICTAEAOw==\" style=\"--smush-placeholder-width: 1024px; --smush-placeholder-aspect-ratio: 1024\/1024;\" \/>\t\t\t\t\t\t\t\t\t\t\t\t\t\t\t<\/div>\n\t\t\t\t<\/div>\n\t\t\t\t\t<\/div>\n\t\t<\/div>\n\t\t\t\t\t<\/div>\n\t\t<\/section>\n\t\t\t\t<section class=\"elementor-section elementor-top-section elementor-element elementor-element-58bb5ad6 elementor-section-boxed elementor-section-height-default elementor-section-height-default\" data-id=\"58bb5ad6\" data-element_type=\"section\" data-settings=\"{&quot;background_background&quot;:&quot;classic&quot;}\">\n\t\t\t\t\t\t<div class=\"elementor-container elementor-column-gap-default\">\n\t\t\t\t\t<div class=\"elementor-column elementor-col-25 elementor-top-column elementor-element elementor-element-49bb6f4\" data-id=\"49bb6f4\" data-element_type=\"column\">\n\t\t\t<div class=\"elementor-widget-wrap elementor-element-populated\">\n\t\t\t\t\t\t<div class=\"elementor-element elementor-element-44ffe933 elementor-widget elementor-widget-text-editor\" data-id=\"44ffe933\" data-element_type=\"widget\" data-widget_type=\"text-editor.default\">\n\t\t\t\t<div class=\"elementor-widget-container\">\n\t\t\t\t\t\t\t\t\t<p><strong><a href=\"https:\/\/paratusintelligence.com\/en\/?page_id=102\">Solutions<\/a><br \/><\/strong><\/p><p><a href=\"https:\/\/paratusintelligence.com\/en\/?page_id=127\">Logistics and Ports<\/a><br \/><a href=\"https:\/\/paratusintelligence.com\/en\/?page_id=267\">Tracking and Transport<\/a><br \/><a href=\"https:\/\/paratusintelligence.com\/en\/?page_id=446\">Public security<\/a><br \/><a href=\"https:\/\/paratusintelligence.com\/en\/?page_id=371\">Transmission lines<\/a><br \/><a href=\"https:\/\/paratusintelligence.com\/en\/?page_id=298\">Traffic Control<\/a><br \/><a href=\"https:\/\/paratusintelligence.com\/en\/?page_id=433\">People Monitoring<\/a><br \/><a href=\"https:\/\/paratusintelligence.com\/en\/?page_id=468\">Hospital Area<\/a><br \/><a href=\"https:\/\/paratusintelligence.com\/en\/?page_id=415\">Construction Monitoring<\/a><br \/><a href=\"https:\/\/paratusintelligence.com\/en\/?page_id=384\">Power Plant<\/a><br \/><a href=\"https:\/\/paratusintelligence.com\/en\/?page_id=403\">Industry<\/a><\/p>\t\t\t\t\t\t\t\t<\/div>\n\t\t\t\t<\/div>\n\t\t\t\t\t<\/div>\n\t\t<\/div>\n\t\t\t\t<div class=\"elementor-column elementor-col-25 elementor-top-column elementor-element elementor-element-164c4689\" data-id=\"164c4689\" data-element_type=\"column\">\n\t\t\t<div class=\"elementor-widget-wrap elementor-element-populated\">\n\t\t\t\t\t\t<div class=\"elementor-element elementor-element-6de1e51a elementor-widget elementor-widget-text-editor\" data-id=\"6de1e51a\" data-element_type=\"widget\" data-widget_type=\"text-editor.default\">\n\t\t\t\t<div class=\"elementor-widget-container\">\n\t\t\t\t\t\t\t\t\t<p><strong>About the Paratus<br \/><\/strong><\/p><p><a href=\"https:\/\/paratusintelligence.com\/en\/?page_id=67\">Who we are<\/a><br \/><a href=\"https:\/\/paratusintelligence.com\/en\/?page_id=658\">Partners<\/a><\/p><p><strong>Talk to us<\/strong><\/p><p><a href=\"https:\/\/paratusintelligence.com\/en\/?page_id=143\">Contact<\/a><br \/>contact@paratusintelligence.com<\/p>\t\t\t\t\t\t\t\t<\/div>\n\t\t\t\t<\/div>\n\t\t\t\t\t<\/div>\n\t\t<\/div>\n\t\t\t\t<div class=\"elementor-column elementor-col-50 elementor-top-column elementor-element elementor-element-2b0a72fb\" data-id=\"2b0a72fb\" data-element_type=\"column\">\n\t\t\t<div class=\"elementor-widget-wrap elementor-element-populated\">\n\t\t\t\t\t\t<div class=\"elementor-element elementor-element-210cf7b8 elementor-widget elementor-widget-text-editor\" data-id=\"210cf7b8\" data-element_type=\"widget\" data-widget_type=\"text-editor.default\">\n\t\t\t\t<div class=\"elementor-widget-container\">\n\t\t\t\t\t\t\t\t\t<p><strong>Paratus in the world<\/strong><\/p>\t\t\t\t\t\t\t\t<\/div>\n\t\t\t\t<\/div>\n\t\t\t\t<div class=\"elementor-element elementor-element-3a7acf31 elementor-widget elementor-widget-image\" data-id=\"3a7acf31\" data-element_type=\"widget\" data-widget_type=\"image.default\">\n\t\t\t\t<div class=\"elementor-widget-container\">\n\t\t\t\t\t\t\t\t\t\t\t\t\t\t\t<img decoding=\"async\" width=\"677\" height=\"361\" data-src=\"https:\/\/paratusintelligence.com\/wp-content\/uploads\/2021\/11\/mapa.png\" class=\"attachment-large size-large wp-image-51 lazyload\" alt=\"\" data-srcset=\"https:\/\/paratusintelligence.com\/wp-content\/uploads\/2021\/11\/mapa.png 677w, https:\/\/paratusintelligence.com\/wp-content\/uploads\/2021\/11\/mapa-300x160.png 300w, https:\/\/paratusintelligence.com\/wp-content\/uploads\/2021\/11\/mapa-18x10.png 18w\" data-sizes=\"(max-width: 677px) 100vw, 677px\" src=\"data:image\/gif;base64,R0lGODlhAQABAAAAACH5BAEKAAEALAAAAAABAAEAAAICTAEAOw==\" style=\"--smush-placeholder-width: 677px; --smush-placeholder-aspect-ratio: 677\/361;\" \/>\t\t\t\t\t\t\t\t\t\t\t\t\t\t\t<\/div>\n\t\t\t\t<\/div>\n\t\t\t\t\t<\/div>\n\t\t<\/div>\n\t\t\t\t\t<\/div>\n\t\t<\/section>\n\t\t\t\t<section class=\"elementor-section elementor-top-section elementor-element elementor-element-535e6a1 elementor-section-full_width elementor-section-height-default elementor-section-height-default\" data-id=\"535e6a1\" data-element_type=\"section\">\n\t\t\t\t\t\t<div class=\"elementor-container elementor-column-gap-default\">\n\t\t\t\t\t<div class=\"elementor-column elementor-col-100 elementor-top-column elementor-element elementor-element-f5a1593\" data-id=\"f5a1593\" data-element_type=\"column\">\n\t\t\t<div class=\"elementor-widget-wrap elementor-element-populated\">\n\t\t\t\t\t\t<div class=\"elementor-element elementor-element-10124be elementor-widget-divider--view-line elementor-widget elementor-widget-divider\" data-id=\"10124be\" data-element_type=\"widget\" data-widget_type=\"divider.default\">\n\t\t\t\t<div class=\"elementor-widget-container\">\n\t\t\t\t\t\t\t<div class=\"elementor-divider\">\n\t\t\t<span class=\"elementor-divider-separator\">\n\t\t\t\t\t\t<\/span>\n\t\t<\/div>\n\t\t\t\t\t\t<\/div>\n\t\t\t\t<\/div>\n\t\t\t\t\t<\/div>\n\t\t<\/div>\n\t\t\t\t\t<\/div>\n\t\t<\/section>\n\t\t\t\t<section class=\"elementor-section elementor-top-section elementor-element elementor-element-60cd5697 elementor-section-boxed elementor-section-height-default elementor-section-height-default\" data-id=\"60cd5697\" data-element_type=\"section\" data-settings=\"{&quot;background_background&quot;:&quot;classic&quot;}\">\n\t\t\t\t\t\t<div class=\"elementor-container elementor-column-gap-default\">\n\t\t\t\t\t<div class=\"elementor-column elementor-col-50 elementor-top-column elementor-element elementor-element-3ec79dc5\" data-id=\"3ec79dc5\" data-element_type=\"column\">\n\t\t\t<div class=\"elementor-widget-wrap elementor-element-populated\">\n\t\t\t\t\t\t<section class=\"elementor-section elementor-inner-section elementor-element elementor-element-22d3612c elementor-section-full_width elementor-section-height-default elementor-section-height-default\" data-id=\"22d3612c\" data-element_type=\"section\">\n\t\t\t\t\t\t<div class=\"elementor-container elementor-column-gap-default\">\n\t\t\t\t\t<div class=\"elementor-column elementor-col-50 elementor-inner-column elementor-element elementor-element-65d8c210\" data-id=\"65d8c210\" data-element_type=\"column\">\n\t\t\t<div class=\"elementor-widget-wrap elementor-element-populated\">\n\t\t\t\t\t\t<div class=\"elementor-element elementor-element-44c10994 elementor-widget elementor-widget-image\" data-id=\"44c10994\" data-element_type=\"widget\" data-widget_type=\"image.default\">\n\t\t\t\t<div class=\"elementor-widget-container\">\n\t\t\t\t\t\t\t\t\t\t\t\t\t\t\t<img decoding=\"async\" width=\"1016\" height=\"287\" data-src=\"https:\/\/paratusintelligence.com\/wp-content\/uploads\/2022\/05\/logo.png\" class=\"attachment-large size-large wp-image-1502 lazyload\" alt=\"\" data-srcset=\"https:\/\/paratusintelligence.com\/wp-content\/uploads\/2022\/05\/logo.png 1016w, https:\/\/paratusintelligence.com\/wp-content\/uploads\/2022\/05\/logo-300x85.png 300w, https:\/\/paratusintelligence.com\/wp-content\/uploads\/2022\/05\/logo-768x217.png 768w, https:\/\/paratusintelligence.com\/wp-content\/uploads\/2022\/05\/logo-18x5.png 18w\" data-sizes=\"(max-width: 1016px) 100vw, 1016px\" src=\"data:image\/gif;base64,R0lGODlhAQABAAAAACH5BAEKAAEALAAAAAABAAEAAAICTAEAOw==\" style=\"--smush-placeholder-width: 1016px; --smush-placeholder-aspect-ratio: 1016\/287;\" \/>\t\t\t\t\t\t\t\t\t\t\t\t\t\t\t<\/div>\n\t\t\t\t<\/div>\n\t\t\t\t\t<\/div>\n\t\t<\/div>\n\t\t\t\t<div class=\"elementor-column elementor-col-50 elementor-inner-column elementor-element elementor-element-a8ed350\" data-id=\"a8ed350\" data-element_type=\"column\">\n\t\t\t<div class=\"elementor-widget-wrap elementor-element-populated\">\n\t\t\t\t\t\t<div class=\"elementor-element elementor-element-5ccc521c elementor-widget elementor-widget-text-editor\" data-id=\"5ccc521c\" data-element_type=\"widget\" data-widget_type=\"text-editor.default\">\n\t\t\t\t<div class=\"elementor-widget-container\">\n\t\t\t\t\t\t\t\t\t<p>\u00a9 Paratus Intelligence. All rights reserved.<\/p>\t\t\t\t\t\t\t\t<\/div>\n\t\t\t\t<\/div>\n\t\t\t\t\t<\/div>\n\t\t<\/div>\n\t\t\t\t\t<\/div>\n\t\t<\/section>\n\t\t\t\t\t<\/div>\n\t\t<\/div>\n\t\t\t\t<div class=\"elementor-column elementor-col-50 elementor-top-column elementor-element elementor-element-11cf712d\" data-id=\"11cf712d\" data-element_type=\"column\">\n\t\t\t<div class=\"elementor-widget-wrap elementor-element-populated\">\n\t\t\t\t\t\t<section class=\"elementor-section elementor-inner-section elementor-element elementor-element-53e32906 elementor-section-boxed elementor-section-height-default elementor-section-height-default\" data-id=\"53e32906\" data-element_type=\"section\">\n\t\t\t\t\t\t<div class=\"elementor-container elementor-column-gap-default\">\n\t\t\t\t\t<div class=\"elementor-column elementor-col-50 elementor-inner-column elementor-element elementor-element-d5f430d\" data-id=\"d5f430d\" data-element_type=\"column\">\n\t\t\t<div class=\"elementor-widget-wrap elementor-element-populated\">\n\t\t\t\t\t\t<div class=\"elementor-element elementor-element-591e30ef elementor-widget elementor-widget-text-editor\" data-id=\"591e30ef\" data-element_type=\"widget\" data-widget_type=\"text-editor.default\">\n\t\t\t\t<div class=\"elementor-widget-container\">\n\t\t\t\t\t\t\t\t\t<p>follow us<\/p>\t\t\t\t\t\t\t\t<\/div>\n\t\t\t\t<\/div>\n\t\t\t\t\t<\/div>\n\t\t<\/div>\n\t\t\t\t<div class=\"elementor-column elementor-col-50 elementor-inner-column elementor-element elementor-element-52d9bc9b\" data-id=\"52d9bc9b\" data-element_type=\"column\">\n\t\t\t<div class=\"elementor-widget-wrap elementor-element-populated\">\n\t\t\t\t\t\t<div class=\"elementor-element elementor-element-5c6b357e e-grid-align-left elementor-shape-rounded elementor-grid-0 elementor-widget elementor-widget-social-icons\" data-id=\"5c6b357e\" data-element_type=\"widget\" data-widget_type=\"social-icons.default\">\n\t\t\t\t<div class=\"elementor-widget-container\">\n\t\t\t\t\t\t\t<div class=\"elementor-social-icons-wrapper elementor-grid\">\n\t\t\t\t\t\t\t<span class=\"elementor-grid-item\">\n\t\t\t\t\t<a class=\"elementor-icon elementor-social-icon elementor-social-icon-instagram elementor-repeater-item-2321401\" href=\"https:\/\/www.instagram.com\/paratusintelligence\/\" target=\"_blank\">\n\t\t\t\t\t\t<span class=\"elementor-screen-only\">Instagram<\/span>\n\t\t\t\t\t\t<i class=\"fab fa-instagram\"><\/i>\t\t\t\t\t<\/a>\n\t\t\t\t<\/span>\n\t\t\t\t\t\t\t<span class=\"elementor-grid-item\">\n\t\t\t\t\t<a class=\"elementor-icon elementor-social-icon elementor-social-icon-youtube elementor-repeater-item-55f152d\" href=\"https:\/\/www.youtube.com\/\" target=\"_blank\">\n\t\t\t\t\t\t<span class=\"elementor-screen-only\">Youtube<\/span>\n\t\t\t\t\t\t<i class=\"fab fa-youtube\"><\/i>\t\t\t\t\t<\/a>\n\t\t\t\t<\/span>\n\t\t\t\t\t<\/div>\n\t\t\t\t\t\t<\/div>\n\t\t\t\t<\/div>\n\t\t\t\t\t<\/div>\n\t\t<\/div>\n\t\t\t\t\t<\/div>\n\t\t<\/section>\n\t\t\t\t\t<\/div>\n\t\t<\/div>\n\t\t\t\t\t<\/div>\n\t\t<\/section>\n\t\t\t\t<\/div>","protected":false},"excerpt":{"rendered":"<p>A automa\u00e7\u00e3o industrial \u00e9 uma das principais fontes do alto desempenho de produ\u00e7\u00e3o. A Paratus possibilita o monitoramento da linha de produ\u00e7\u00e3o com o fornecimento e instala\u00e7\u00e3o de c\u00e2meras de alta defini\u00e7\u00e3o e sensores modernos em\u00a0 cada fase de produ\u00e7\u00e3o. Isso significa que 100% do processo passa a ser monitorado. Com essa implementa\u00e7\u00e3o, erros humanos [&hellip;]<\/p>","protected":false},"author":2,"featured_media":0,"parent":0,"menu_order":0,"comment_status":"closed","ping_status":"closed","template":"elementor_header_footer","meta":{"ocean_post_layout":"","ocean_both_sidebars_style":"","ocean_both_sidebars_content_width":0,"ocean_both_sidebars_sidebars_width":0,"ocean_sidebar":"0","ocean_second_sidebar":"0","ocean_disable_margins":"enable","ocean_add_body_class":"","ocean_shortcode_before_top_bar":"","ocean_shortcode_after_top_bar":"","ocean_shortcode_before_header":"","ocean_shortcode_after_header":"","ocean_has_shortcode":"","ocean_shortcode_after_title":"","ocean_shortcode_before_footer_widgets":"","ocean_shortcode_after_footer_widgets":"","ocean_shortcode_before_footer_bottom":"","ocean_shortcode_after_footer_bottom":"","ocean_display_top_bar":"default","ocean_display_header":"default","ocean_header_style":"","ocean_center_header_left_menu":"0","ocean_custom_header_template":"0","ocean_custom_logo":0,"ocean_custom_retina_logo":0,"ocean_custom_logo_max_width":0,"ocean_custom_logo_tablet_max_width":0,"ocean_custom_logo_mobile_max_width":0,"ocean_custom_logo_max_height":0,"ocean_custom_logo_tablet_max_height":0,"ocean_custom_logo_mobile_max_height":0,"ocean_header_custom_menu":"0","ocean_menu_typo_font_family":"0","ocean_menu_typo_font_subset":"","ocean_menu_typo_font_size":0,"ocean_menu_typo_font_size_tablet":0,"ocean_menu_typo_font_size_mobile":0,"ocean_menu_typo_font_size_unit":"px","ocean_menu_typo_font_weight":"","ocean_menu_typo_font_weight_tablet":"","ocean_menu_typo_font_weight_mobile":"","ocean_menu_typo_transform":"","ocean_menu_typo_transform_tablet":"","ocean_menu_typo_transform_mobile":"","ocean_menu_typo_line_height":0,"ocean_menu_typo_line_height_tablet":0,"ocean_menu_typo_line_height_mobile":0,"ocean_menu_typo_line_height_unit":"","ocean_menu_typo_spacing":0,"ocean_menu_typo_spacing_tablet":0,"ocean_menu_typo_spacing_mobile":0,"ocean_menu_typo_spacing_unit":"","ocean_menu_link_color":"","ocean_menu_link_color_hover":"","ocean_menu_link_color_active":"","ocean_menu_link_background":"","ocean_menu_link_hover_background":"","ocean_menu_link_active_background":"","ocean_menu_social_links_bg":"","ocean_menu_social_hover_links_bg":"","ocean_menu_social_links_color":"","ocean_menu_social_hover_links_color":"","ocean_disable_title":"on","ocean_disable_heading":"default","ocean_post_title":"","ocean_post_subheading":"","ocean_post_title_style":"","ocean_post_title_background_color":"","ocean_post_title_background":0,"ocean_post_title_bg_image_position":"","ocean_post_title_bg_image_attachment":"","ocean_post_title_bg_image_repeat":"","ocean_post_title_bg_image_size":"","ocean_post_title_height":0,"ocean_post_title_bg_overlay":0.5,"ocean_post_title_bg_overlay_color":"","ocean_disable_breadcrumbs":"off","ocean_breadcrumbs_color":"","ocean_breadcrumbs_separator_color":"","ocean_breadcrumbs_links_color":"","ocean_breadcrumbs_links_hover_color":"","ocean_display_footer_widgets":"off","ocean_display_footer_bottom":"off","ocean_custom_footer_template":"0","footnotes":""},"class_list":["post-403","page","type-page","status-publish","hentry","entry"],"_links":{"self":[{"href":"https:\/\/paratusintelligence.com\/en\/wp-json\/wp\/v2\/pages\/403","targetHints":{"allow":["GET"]}}],"collection":[{"href":"https:\/\/paratusintelligence.com\/en\/wp-json\/wp\/v2\/pages"}],"about":[{"href":"https:\/\/paratusintelligence.com\/en\/wp-json\/wp\/v2\/types\/page"}],"author":[{"embeddable":true,"href":"https:\/\/paratusintelligence.com\/en\/wp-json\/wp\/v2\/users\/2"}],"replies":[{"embeddable":true,"href":"https:\/\/paratusintelligence.com\/en\/wp-json\/wp\/v2\/comments?post=403"}],"version-history":[{"count":21,"href":"https:\/\/paratusintelligence.com\/en\/wp-json\/wp\/v2\/pages\/403\/revisions"}],"predecessor-version":[{"id":1884,"href":"https:\/\/paratusintelligence.com\/en\/wp-json\/wp\/v2\/pages\/403\/revisions\/1884"}],"wp:attachment":[{"href":"https:\/\/paratusintelligence.com\/en\/wp-json\/wp\/v2\/media?parent=403"}],"curies":[{"name":"wp","href":"https:\/\/api.w.org\/{rel}","templated":true}]}}