{"id":415,"date":"2021-11-29T13:20:37","date_gmt":"2021-11-29T13:20:37","guid":{"rendered":"https:\/\/rupptura.com.br\/prime\/?page_id=415"},"modified":"2022-05-19T19:50:50","modified_gmt":"2022-05-19T22:50:50","slug":"construcao-civil","status":"publish","type":"page","link":"https:\/\/paratusintelligence.com\/en\/construcao-civil\/","title":{"rendered":"Constru\u00e7\u00e3o Civil"},"content":{"rendered":"<div data-elementor-type=\"wp-page\" data-elementor-id=\"415\" class=\"elementor elementor-415\">\n\t\t\t\t\t\t<section class=\"elementor-section elementor-top-section elementor-element elementor-element-05c320e elementor-section-full_width elementor-section-height-default elementor-section-height-default\" data-id=\"05c320e\" data-element_type=\"section\">\n\t\t\t\t\t\t<div class=\"elementor-container elementor-column-gap-default\">\n\t\t\t\t\t<div class=\"elementor-column elementor-col-100 elementor-top-column elementor-element elementor-element-c4273de\" data-id=\"c4273de\" data-element_type=\"column\">\n\t\t\t<div class=\"elementor-widget-wrap elementor-element-populated\">\n\t\t\t\t\t\t<div class=\"elementor-element elementor-element-ea7d8a5 elementor-widget elementor-widget-image\" data-id=\"ea7d8a5\" data-element_type=\"widget\" data-widget_type=\"image.default\">\n\t\t\t\t<div class=\"elementor-widget-container\">\n\t\t\t\t\t\t\t\t\t\t\t\t\t\t\t<img fetchpriority=\"high\" decoding=\"async\" width=\"1536\" height=\"365\" src=\"https:\/\/paratusintelligence.com\/wp-content\/uploads\/2022\/05\/11_Civil-Construction.png\" class=\"attachment-full size-full wp-image-1826\" alt=\"\" srcset=\"https:\/\/paratusintelligence.com\/wp-content\/uploads\/2022\/05\/11_Civil-Construction.png 1536w, https:\/\/paratusintelligence.com\/wp-content\/uploads\/2022\/05\/11_Civil-Construction-300x71.png 300w, https:\/\/paratusintelligence.com\/wp-content\/uploads\/2022\/05\/11_Civil-Construction-1024x243.png 1024w, https:\/\/paratusintelligence.com\/wp-content\/uploads\/2022\/05\/11_Civil-Construction-768x183.png 768w, https:\/\/paratusintelligence.com\/wp-content\/uploads\/2022\/05\/11_Civil-Construction-18x4.png 18w\" sizes=\"(max-width: 1536px) 100vw, 1536px\" \/>\t\t\t\t\t\t\t\t\t\t\t\t\t\t\t<\/div>\n\t\t\t\t<\/div>\n\t\t\t\t\t<\/div>\n\t\t<\/div>\n\t\t\t\t\t<\/div>\n\t\t<\/section>\n\t\t\t\t<section class=\"elementor-section elementor-top-section elementor-element elementor-element-9d87de7 elementor-section-boxed elementor-section-height-default elementor-section-height-default\" data-id=\"9d87de7\" data-element_type=\"section\" data-settings=\"{&quot;background_background&quot;:&quot;gradient&quot;}\">\n\t\t\t\t\t\t<div class=\"elementor-container elementor-column-gap-default\">\n\t\t\t\t\t<div class=\"elementor-column elementor-col-100 elementor-top-column elementor-element elementor-element-b69a4c3\" data-id=\"b69a4c3\" data-element_type=\"column\">\n\t\t\t<div class=\"elementor-widget-wrap elementor-element-populated\">\n\t\t\t\t\t\t<div class=\"elementor-element elementor-element-75eafeb elementor-widget elementor-widget-text-editor\" data-id=\"75eafeb\" data-element_type=\"widget\" data-widget_type=\"text-editor.default\">\n\t\t\t\t<div class=\"elementor-widget-container\">\n\t\t\t\t\t\t\t\t\t<p>The installation of cameras at strategic points ensures full control of what happens in the company.<\/p>\t\t\t\t\t\t\t\t<\/div>\n\t\t\t\t<\/div>\n\t\t\t\t<div class=\"elementor-element elementor-element-60ce65b elementor-widget elementor-widget-text-editor\" data-id=\"60ce65b\" data-element_type=\"widget\" data-widget_type=\"text-editor.default\">\n\t\t\t\t<div class=\"elementor-widget-container\">\n\t\t\t\t\t\t\t\t\t<p><span style=\"font-weight: 400;\">With simple features and intelligent systems, productivity increases while safety is implemented in all processes.<\/span><\/p>\t\t\t\t\t\t\t\t<\/div>\n\t\t\t\t<\/div>\n\t\t\t\t<div class=\"elementor-element elementor-element-f65744d elementor-widget elementor-widget-image\" data-id=\"f65744d\" data-element_type=\"widget\" data-widget_type=\"image.default\">\n\t\t\t\t<div class=\"elementor-widget-container\">\n\t\t\t\t\t\t\t\t\t\t\t\t\t\t\t<img decoding=\"async\" width=\"1404\" height=\"784\" data-src=\"https:\/\/paratusintelligence.com\/wp-content\/uploads\/2021\/11\/construcao-1.jpg\" class=\"elementor-animation-float attachment-full size-full wp-image-427 lazyload\" alt=\"\" data-srcset=\"https:\/\/paratusintelligence.com\/wp-content\/uploads\/2021\/11\/construcao-1.jpg 1404w, https:\/\/paratusintelligence.com\/wp-content\/uploads\/2021\/11\/construcao-1-300x168.jpg 300w, https:\/\/paratusintelligence.com\/wp-content\/uploads\/2021\/11\/construcao-1-1024x572.jpg 1024w, https:\/\/paratusintelligence.com\/wp-content\/uploads\/2021\/11\/construcao-1-768x429.jpg 768w, https:\/\/paratusintelligence.com\/wp-content\/uploads\/2021\/11\/construcao-1-18x10.jpg 18w\" data-sizes=\"(max-width: 1404px) 100vw, 1404px\" src=\"data:image\/gif;base64,R0lGODlhAQABAAAAACH5BAEKAAEALAAAAAABAAEAAAICTAEAOw==\" style=\"--smush-placeholder-width: 1404px; --smush-placeholder-aspect-ratio: 1404\/784;\" \/>\t\t\t\t\t\t\t\t\t\t\t\t\t\t\t<\/div>\n\t\t\t\t<\/div>\n\t\t\t\t\t<\/div>\n\t\t<\/div>\n\t\t\t\t\t<\/div>\n\t\t<\/section>\n\t\t\t\t<section class=\"elementor-section elementor-top-section elementor-element elementor-element-a8d10f8 elementor-reverse-tablet elementor-reverse-mobile elementor-section-boxed elementor-section-height-default elementor-section-height-default\" data-id=\"a8d10f8\" data-element_type=\"section\" data-settings=\"{&quot;background_background&quot;:&quot;gradient&quot;}\">\n\t\t\t\t\t\t<div class=\"elementor-container elementor-column-gap-default\">\n\t\t\t\t\t<div class=\"elementor-column elementor-col-50 elementor-top-column elementor-element elementor-element-27f2b6e\" data-id=\"27f2b6e\" data-element_type=\"column\">\n\t\t\t<div class=\"elementor-widget-wrap elementor-element-populated\">\n\t\t\t\t\t\t<div class=\"elementor-element elementor-element-034fe7e elementor-widget elementor-widget-image\" data-id=\"034fe7e\" data-element_type=\"widget\" data-widget_type=\"image.default\">\n\t\t\t\t<div class=\"elementor-widget-container\">\n\t\t\t\t\t\t\t\t\t\t\t\t\t\t\t<img decoding=\"async\" width=\"619\" height=\"748\" data-src=\"https:\/\/paratusintelligence.com\/wp-content\/uploads\/2021\/11\/construcao-2.png\" class=\"elementor-animation-bob attachment-large size-large wp-image-429 lazyload\" alt=\"\" data-srcset=\"https:\/\/paratusintelligence.com\/wp-content\/uploads\/2021\/11\/construcao-2.png 619w, https:\/\/paratusintelligence.com\/wp-content\/uploads\/2021\/11\/construcao-2-248x300.png 248w, https:\/\/paratusintelligence.com\/wp-content\/uploads\/2021\/11\/construcao-2-10x12.png 10w\" data-sizes=\"(max-width: 619px) 100vw, 619px\" src=\"data:image\/gif;base64,R0lGODlhAQABAAAAACH5BAEKAAEALAAAAAABAAEAAAICTAEAOw==\" style=\"--smush-placeholder-width: 619px; --smush-placeholder-aspect-ratio: 619\/748;\" \/>\t\t\t\t\t\t\t\t\t\t\t\t\t\t\t<\/div>\n\t\t\t\t<\/div>\n\t\t\t\t\t<\/div>\n\t\t<\/div>\n\t\t\t\t<div class=\"elementor-column elementor-col-50 elementor-top-column elementor-element elementor-element-86825d7\" data-id=\"86825d7\" data-element_type=\"column\">\n\t\t\t<div class=\"elementor-widget-wrap elementor-element-populated\">\n\t\t\t\t\t\t<div class=\"elementor-element elementor-element-d63bc5f elementor-widget elementor-widget-text-editor\" data-id=\"d63bc5f\" data-element_type=\"widget\" data-widget_type=\"text-editor.default\">\n\t\t\t\t<div class=\"elementor-widget-container\">\n\t\t\t\t\t\t\t\t\t<p><span style=\"font-weight: 400;\">The implementation of a camera surveillance system is the most practical way for those responsible to monitor the development of the works.\u00a0<\/span><\/p><p><span style=\"font-weight: 400;\">By monitoring several places at once, it is possible to check not only the progress of the work, but the control of workers (counting, schedules and evasion).<\/span><\/p><p><span style=\"font-weight: 400;\">In addition, with 100% of the company's area monitored at every instant, it is possible to follow up on investments and ascertain the destination of each merchandise, preventing theft.<\/span><\/p>\t\t\t\t\t\t\t\t<\/div>\n\t\t\t\t<\/div>\n\t\t\t\t\t<\/div>\n\t\t<\/div>\n\t\t\t\t\t<\/div>\n\t\t<\/section>\n\t\t\t\t<section class=\"elementor-section elementor-top-section elementor-element elementor-element-f7b2ef5 elementor-section-boxed elementor-section-height-default elementor-section-height-default\" data-id=\"f7b2ef5\" data-element_type=\"section\">\n\t\t\t\t\t\t<div class=\"elementor-container elementor-column-gap-default\">\n\t\t\t\t\t<div class=\"elementor-column elementor-col-100 elementor-top-column elementor-element elementor-element-f617bbc\" data-id=\"f617bbc\" data-element_type=\"column\">\n\t\t\t<div class=\"elementor-widget-wrap elementor-element-populated\">\n\t\t\t\t\t\t<div class=\"elementor-element elementor-element-6e0b68d elementor-widget elementor-widget-text-editor\" data-id=\"6e0b68d\" data-element_type=\"widget\" data-widget_type=\"text-editor.default\">\n\t\t\t\t<div class=\"elementor-widget-container\">\n\t\t\t\t\t\t\t\t\t<p><span style=\"font-weight: 400;\">In suspicious situations, further verification is still possible by ordering the images from an information storage bank.<\/span><\/p><p><span style=\"color: #003366;\"><strong>All monitoring of cameras can be performed remotely, via the internet, from any computer or mobile device, such as cell phone or tablet.<\/strong><\/span><\/p><p><span style=\"font-weight: 400;\">Since the system sends the messages in a compressed form, the reception of the images can be done quickly, even through 3G connections.<\/span><\/p>\t\t\t\t\t\t\t\t<\/div>\n\t\t\t\t<\/div>\n\t\t\t\t\t<\/div>\n\t\t<\/div>\n\t\t\t\t\t<\/div>\n\t\t<\/section>\n\t\t\t\t<section class=\"elementor-section elementor-top-section elementor-element elementor-element-4113bc37 elementor-section-boxed elementor-section-height-default elementor-section-height-default\" data-id=\"4113bc37\" data-element_type=\"section\" data-settings=\"{&quot;background_background&quot;:&quot;classic&quot;}\">\n\t\t\t\t\t\t<div class=\"elementor-container elementor-column-gap-default\">\n\t\t\t\t\t<div class=\"elementor-column elementor-col-25 elementor-top-column elementor-element elementor-element-17f6a7a\" data-id=\"17f6a7a\" data-element_type=\"column\">\n\t\t\t<div class=\"elementor-widget-wrap elementor-element-populated\">\n\t\t\t\t\t\t<div class=\"elementor-element elementor-element-1470ebd0 elementor-widget elementor-widget-text-editor\" data-id=\"1470ebd0\" data-element_type=\"widget\" data-widget_type=\"text-editor.default\">\n\t\t\t\t<div class=\"elementor-widget-container\">\n\t\t\t\t\t\t\t\t\t<p><strong><a href=\"https:\/\/paratusintelligence.com\/en\/?page_id=102\">Solutions<\/a><br \/><\/strong><\/p><p><a href=\"https:\/\/paratusintelligence.com\/en\/?page_id=127\">Logistics and Ports<\/a><br \/><a href=\"https:\/\/paratusintelligence.com\/en\/?page_id=267\">Tracking and Transport<\/a><br \/><a href=\"https:\/\/paratusintelligence.com\/en\/?page_id=446\">Public security<\/a><br \/><a href=\"https:\/\/paratusintelligence.com\/en\/?page_id=371\">Transmission lines<\/a><br \/><a href=\"https:\/\/paratusintelligence.com\/en\/?page_id=298\">Traffic Control<\/a><br \/><a href=\"https:\/\/paratusintelligence.com\/en\/?page_id=433\">People Monitoring<\/a><br \/><a href=\"https:\/\/paratusintelligence.com\/en\/?page_id=468\">Hospital Area<\/a><br \/><a href=\"https:\/\/paratusintelligence.com\/en\/?page_id=415\">Construction Monitoring<\/a><br \/><a href=\"https:\/\/paratusintelligence.com\/en\/?page_id=384\">Power Plant<\/a><br \/><a href=\"https:\/\/paratusintelligence.com\/en\/?page_id=403\">Industry<\/a><\/p>\t\t\t\t\t\t\t\t<\/div>\n\t\t\t\t<\/div>\n\t\t\t\t\t<\/div>\n\t\t<\/div>\n\t\t\t\t<div class=\"elementor-column elementor-col-25 elementor-top-column elementor-element elementor-element-597e7f76\" data-id=\"597e7f76\" data-element_type=\"column\">\n\t\t\t<div class=\"elementor-widget-wrap elementor-element-populated\">\n\t\t\t\t\t\t<div class=\"elementor-element elementor-element-4b2cff2a elementor-widget elementor-widget-text-editor\" data-id=\"4b2cff2a\" data-element_type=\"widget\" data-widget_type=\"text-editor.default\">\n\t\t\t\t<div class=\"elementor-widget-container\">\n\t\t\t\t\t\t\t\t\t<p><strong>About the Paratus<br \/><\/strong><\/p><p><a href=\"https:\/\/paratusintelligence.com\/en\/?page_id=67\">Who we are<\/a><br \/><a href=\"https:\/\/paratusintelligence.com\/en\/?page_id=658\">Partners<\/a><\/p><p><strong>Talk to us<\/strong><\/p><p><a href=\"https:\/\/paratusintelligence.com\/en\/?page_id=143\">Contact<\/a><br \/>contact@paratusintelligence.com<\/p>\t\t\t\t\t\t\t\t<\/div>\n\t\t\t\t<\/div>\n\t\t\t\t\t<\/div>\n\t\t<\/div>\n\t\t\t\t<div class=\"elementor-column elementor-col-50 elementor-top-column elementor-element elementor-element-2d39ff19\" data-id=\"2d39ff19\" data-element_type=\"column\">\n\t\t\t<div class=\"elementor-widget-wrap elementor-element-populated\">\n\t\t\t\t\t\t<div class=\"elementor-element elementor-element-76bff5d2 elementor-widget elementor-widget-text-editor\" data-id=\"76bff5d2\" data-element_type=\"widget\" data-widget_type=\"text-editor.default\">\n\t\t\t\t<div class=\"elementor-widget-container\">\n\t\t\t\t\t\t\t\t\t<p><strong>Paratus in the world<\/strong><\/p>\t\t\t\t\t\t\t\t<\/div>\n\t\t\t\t<\/div>\n\t\t\t\t<div class=\"elementor-element elementor-element-466e27ed elementor-widget elementor-widget-image\" data-id=\"466e27ed\" data-element_type=\"widget\" data-widget_type=\"image.default\">\n\t\t\t\t<div class=\"elementor-widget-container\">\n\t\t\t\t\t\t\t\t\t\t\t\t\t\t\t<img decoding=\"async\" width=\"677\" height=\"361\" data-src=\"https:\/\/paratusintelligence.com\/wp-content\/uploads\/2021\/11\/mapa.png\" class=\"attachment-large size-large wp-image-51 lazyload\" alt=\"\" data-srcset=\"https:\/\/paratusintelligence.com\/wp-content\/uploads\/2021\/11\/mapa.png 677w, https:\/\/paratusintelligence.com\/wp-content\/uploads\/2021\/11\/mapa-300x160.png 300w, https:\/\/paratusintelligence.com\/wp-content\/uploads\/2021\/11\/mapa-18x10.png 18w\" data-sizes=\"(max-width: 677px) 100vw, 677px\" src=\"data:image\/gif;base64,R0lGODlhAQABAAAAACH5BAEKAAEALAAAAAABAAEAAAICTAEAOw==\" style=\"--smush-placeholder-width: 677px; --smush-placeholder-aspect-ratio: 677\/361;\" \/>\t\t\t\t\t\t\t\t\t\t\t\t\t\t\t<\/div>\n\t\t\t\t<\/div>\n\t\t\t\t\t<\/div>\n\t\t<\/div>\n\t\t\t\t\t<\/div>\n\t\t<\/section>\n\t\t\t\t<section class=\"elementor-section elementor-top-section elementor-element elementor-element-535e6a1 elementor-section-full_width elementor-section-height-default elementor-section-height-default\" data-id=\"535e6a1\" data-element_type=\"section\">\n\t\t\t\t\t\t<div class=\"elementor-container elementor-column-gap-default\">\n\t\t\t\t\t<div class=\"elementor-column elementor-col-100 elementor-top-column elementor-element elementor-element-f5a1593\" data-id=\"f5a1593\" data-element_type=\"column\">\n\t\t\t<div class=\"elementor-widget-wrap elementor-element-populated\">\n\t\t\t\t\t\t<div class=\"elementor-element elementor-element-10124be elementor-widget-divider--view-line elementor-widget elementor-widget-divider\" data-id=\"10124be\" data-element_type=\"widget\" data-widget_type=\"divider.default\">\n\t\t\t\t<div class=\"elementor-widget-container\">\n\t\t\t\t\t\t\t<div class=\"elementor-divider\">\n\t\t\t<span class=\"elementor-divider-separator\">\n\t\t\t\t\t\t<\/span>\n\t\t<\/div>\n\t\t\t\t\t\t<\/div>\n\t\t\t\t<\/div>\n\t\t\t\t\t<\/div>\n\t\t<\/div>\n\t\t\t\t\t<\/div>\n\t\t<\/section>\n\t\t\t\t<section class=\"elementor-section elementor-top-section elementor-element elementor-element-19706fa9 elementor-section-boxed elementor-section-height-default elementor-section-height-default\" data-id=\"19706fa9\" data-element_type=\"section\" data-settings=\"{&quot;background_background&quot;:&quot;classic&quot;}\">\n\t\t\t\t\t\t<div class=\"elementor-container elementor-column-gap-default\">\n\t\t\t\t\t<div class=\"elementor-column elementor-col-50 elementor-top-column elementor-element elementor-element-6c7c0fd2\" data-id=\"6c7c0fd2\" data-element_type=\"column\">\n\t\t\t<div class=\"elementor-widget-wrap elementor-element-populated\">\n\t\t\t\t\t\t<section class=\"elementor-section elementor-inner-section elementor-element elementor-element-79ad913 elementor-section-full_width elementor-section-height-default elementor-section-height-default\" data-id=\"79ad913\" data-element_type=\"section\">\n\t\t\t\t\t\t<div class=\"elementor-container elementor-column-gap-default\">\n\t\t\t\t\t<div class=\"elementor-column elementor-col-50 elementor-inner-column elementor-element elementor-element-6a32b5be\" data-id=\"6a32b5be\" data-element_type=\"column\">\n\t\t\t<div class=\"elementor-widget-wrap elementor-element-populated\">\n\t\t\t\t\t\t<div class=\"elementor-element elementor-element-11431228 elementor-widget elementor-widget-image\" data-id=\"11431228\" data-element_type=\"widget\" data-widget_type=\"image.default\">\n\t\t\t\t<div class=\"elementor-widget-container\">\n\t\t\t\t\t\t\t\t\t\t\t\t\t\t\t<img decoding=\"async\" width=\"1016\" height=\"287\" data-src=\"https:\/\/paratusintelligence.com\/wp-content\/uploads\/2022\/05\/logo.png\" class=\"attachment-large size-large wp-image-1502 lazyload\" alt=\"\" data-srcset=\"https:\/\/paratusintelligence.com\/wp-content\/uploads\/2022\/05\/logo.png 1016w, https:\/\/paratusintelligence.com\/wp-content\/uploads\/2022\/05\/logo-300x85.png 300w, https:\/\/paratusintelligence.com\/wp-content\/uploads\/2022\/05\/logo-768x217.png 768w, https:\/\/paratusintelligence.com\/wp-content\/uploads\/2022\/05\/logo-18x5.png 18w\" data-sizes=\"(max-width: 1016px) 100vw, 1016px\" src=\"data:image\/gif;base64,R0lGODlhAQABAAAAACH5BAEKAAEALAAAAAABAAEAAAICTAEAOw==\" style=\"--smush-placeholder-width: 1016px; --smush-placeholder-aspect-ratio: 1016\/287;\" \/>\t\t\t\t\t\t\t\t\t\t\t\t\t\t\t<\/div>\n\t\t\t\t<\/div>\n\t\t\t\t\t<\/div>\n\t\t<\/div>\n\t\t\t\t<div class=\"elementor-column elementor-col-50 elementor-inner-column elementor-element elementor-element-6398e510\" data-id=\"6398e510\" data-element_type=\"column\">\n\t\t\t<div class=\"elementor-widget-wrap elementor-element-populated\">\n\t\t\t\t\t\t<div class=\"elementor-element elementor-element-1dff6442 elementor-widget elementor-widget-text-editor\" data-id=\"1dff6442\" data-element_type=\"widget\" data-widget_type=\"text-editor.default\">\n\t\t\t\t<div class=\"elementor-widget-container\">\n\t\t\t\t\t\t\t\t\t<p>\u00a9 Paratus Intelligence. All rights reserved.<\/p>\t\t\t\t\t\t\t\t<\/div>\n\t\t\t\t<\/div>\n\t\t\t\t\t<\/div>\n\t\t<\/div>\n\t\t\t\t\t<\/div>\n\t\t<\/section>\n\t\t\t\t\t<\/div>\n\t\t<\/div>\n\t\t\t\t<div class=\"elementor-column elementor-col-50 elementor-top-column elementor-element elementor-element-5c477030\" data-id=\"5c477030\" data-element_type=\"column\">\n\t\t\t<div class=\"elementor-widget-wrap elementor-element-populated\">\n\t\t\t\t\t\t<section class=\"elementor-section elementor-inner-section elementor-element elementor-element-1ec0deee elementor-section-boxed elementor-section-height-default elementor-section-height-default\" data-id=\"1ec0deee\" data-element_type=\"section\">\n\t\t\t\t\t\t<div class=\"elementor-container elementor-column-gap-default\">\n\t\t\t\t\t<div class=\"elementor-column elementor-col-50 elementor-inner-column elementor-element elementor-element-49776401\" data-id=\"49776401\" data-element_type=\"column\">\n\t\t\t<div class=\"elementor-widget-wrap elementor-element-populated\">\n\t\t\t\t\t\t<div class=\"elementor-element elementor-element-209d800f elementor-widget elementor-widget-text-editor\" data-id=\"209d800f\" data-element_type=\"widget\" data-widget_type=\"text-editor.default\">\n\t\t\t\t<div class=\"elementor-widget-container\">\n\t\t\t\t\t\t\t\t\t<p>follow us<\/p>\t\t\t\t\t\t\t\t<\/div>\n\t\t\t\t<\/div>\n\t\t\t\t\t<\/div>\n\t\t<\/div>\n\t\t\t\t<div class=\"elementor-column elementor-col-50 elementor-inner-column elementor-element elementor-element-344283e9\" data-id=\"344283e9\" data-element_type=\"column\">\n\t\t\t<div class=\"elementor-widget-wrap elementor-element-populated\">\n\t\t\t\t\t\t<div class=\"elementor-element elementor-element-57d6a639 e-grid-align-left elementor-shape-rounded elementor-grid-0 elementor-widget elementor-widget-social-icons\" data-id=\"57d6a639\" data-element_type=\"widget\" data-widget_type=\"social-icons.default\">\n\t\t\t\t<div class=\"elementor-widget-container\">\n\t\t\t\t\t\t\t<div class=\"elementor-social-icons-wrapper elementor-grid\">\n\t\t\t\t\t\t\t<span class=\"elementor-grid-item\">\n\t\t\t\t\t<a class=\"elementor-icon elementor-social-icon elementor-social-icon-instagram elementor-repeater-item-2321401\" href=\"https:\/\/www.instagram.com\/paratusintelligence\/\" target=\"_blank\">\n\t\t\t\t\t\t<span class=\"elementor-screen-only\">Instagram<\/span>\n\t\t\t\t\t\t<i class=\"fab fa-instagram\"><\/i>\t\t\t\t\t<\/a>\n\t\t\t\t<\/span>\n\t\t\t\t\t\t\t<span class=\"elementor-grid-item\">\n\t\t\t\t\t<a class=\"elementor-icon elementor-social-icon elementor-social-icon-youtube elementor-repeater-item-55f152d\" href=\"https:\/\/www.youtube.com\/\" target=\"_blank\">\n\t\t\t\t\t\t<span class=\"elementor-screen-only\">Youtube<\/span>\n\t\t\t\t\t\t<i class=\"fab fa-youtube\"><\/i>\t\t\t\t\t<\/a>\n\t\t\t\t<\/span>\n\t\t\t\t\t<\/div>\n\t\t\t\t\t\t<\/div>\n\t\t\t\t<\/div>\n\t\t\t\t\t<\/div>\n\t\t<\/div>\n\t\t\t\t\t<\/div>\n\t\t<\/section>\n\t\t\t\t\t<\/div>\n\t\t<\/div>\n\t\t\t\t\t<\/div>\n\t\t<\/section>\n\t\t\t\t<\/div>","protected":false},"excerpt":{"rendered":"<p>A instala\u00e7\u00e3o de c\u00e2meras em pontos estrat\u00e9gicos garante o controle total do que acontece na empresa. Com recursos simples e sistemas inteligentes, a produtividade aumenta, ao mesmo tempo que \u00e9 implementada a seguran\u00e7a em todos os processos. A implementa\u00e7\u00e3o de um sistema de vigil\u00e2ncia por c\u00e2meras \u00e9 a forma mais pr\u00e1tica dos respons\u00e1veis acompanharem o [&hellip;]<\/p>","protected":false},"author":2,"featured_media":0,"parent":0,"menu_order":0,"comment_status":"closed","ping_status":"closed","template":"elementor_header_footer","meta":{"ocean_post_layout":"","ocean_both_sidebars_style":"","ocean_both_sidebars_content_width":0,"ocean_both_sidebars_sidebars_width":0,"ocean_sidebar":"0","ocean_second_sidebar":"0","ocean_disable_margins":"enable","ocean_add_body_class":"","ocean_shortcode_before_top_bar":"","ocean_shortcode_after_top_bar":"","ocean_shortcode_before_header":"","ocean_shortcode_after_header":"","ocean_has_shortcode":"","ocean_shortcode_after_title":"","ocean_shortcode_before_footer_widgets":"","ocean_shortcode_after_footer_widgets":"","ocean_shortcode_before_footer_bottom":"","ocean_shortcode_after_footer_bottom":"","ocean_display_top_bar":"default","ocean_display_header":"default","ocean_header_style":"","ocean_center_header_left_menu":"0","ocean_custom_header_template":"0","ocean_custom_logo":0,"ocean_custom_retina_logo":0,"ocean_custom_logo_max_width":0,"ocean_custom_logo_tablet_max_width":0,"ocean_custom_logo_mobile_max_width":0,"ocean_custom_logo_max_height":0,"ocean_custom_logo_tablet_max_height":0,"ocean_custom_logo_mobile_max_height":0,"ocean_header_custom_menu":"0","ocean_menu_typo_font_family":"0","ocean_menu_typo_font_subset":"","ocean_menu_typo_font_size":0,"ocean_menu_typo_font_size_tablet":0,"ocean_menu_typo_font_size_mobile":0,"ocean_menu_typo_font_size_unit":"px","ocean_menu_typo_font_weight":"","ocean_menu_typo_font_weight_tablet":"","ocean_menu_typo_font_weight_mobile":"","ocean_menu_typo_transform":"","ocean_menu_typo_transform_tablet":"","ocean_menu_typo_transform_mobile":"","ocean_menu_typo_line_height":0,"ocean_menu_typo_line_height_tablet":0,"ocean_menu_typo_line_height_mobile":0,"ocean_menu_typo_line_height_unit":"","ocean_menu_typo_spacing":0,"ocean_menu_typo_spacing_tablet":0,"ocean_menu_typo_spacing_mobile":0,"ocean_menu_typo_spacing_unit":"","ocean_menu_link_color":"","ocean_menu_link_color_hover":"","ocean_menu_link_color_active":"","ocean_menu_link_background":"","ocean_menu_link_hover_background":"","ocean_menu_link_active_background":"","ocean_menu_social_links_bg":"","ocean_menu_social_hover_links_bg":"","ocean_menu_social_links_color":"","ocean_menu_social_hover_links_color":"","ocean_disable_title":"on","ocean_disable_heading":"default","ocean_post_title":"","ocean_post_subheading":"","ocean_post_title_style":"","ocean_post_title_background_color":"","ocean_post_title_background":0,"ocean_post_title_bg_image_position":"","ocean_post_title_bg_image_attachment":"","ocean_post_title_bg_image_repeat":"","ocean_post_title_bg_image_size":"","ocean_post_title_height":0,"ocean_post_title_bg_overlay":0.5,"ocean_post_title_bg_overlay_color":"","ocean_disable_breadcrumbs":"off","ocean_breadcrumbs_color":"","ocean_breadcrumbs_separator_color":"","ocean_breadcrumbs_links_color":"","ocean_breadcrumbs_links_hover_color":"","ocean_display_footer_widgets":"off","ocean_display_footer_bottom":"off","ocean_custom_footer_template":"0","footnotes":""},"class_list":["post-415","page","type-page","status-publish","hentry","entry"],"_links":{"self":[{"href":"https:\/\/paratusintelligence.com\/en\/wp-json\/wp\/v2\/pages\/415","targetHints":{"allow":["GET"]}}],"collection":[{"href":"https:\/\/paratusintelligence.com\/en\/wp-json\/wp\/v2\/pages"}],"about":[{"href":"https:\/\/paratusintelligence.com\/en\/wp-json\/wp\/v2\/types\/page"}],"author":[{"embeddable":true,"href":"https:\/\/paratusintelligence.com\/en\/wp-json\/wp\/v2\/users\/2"}],"replies":[{"embeddable":true,"href":"https:\/\/paratusintelligence.com\/en\/wp-json\/wp\/v2\/comments?post=415"}],"version-history":[{"count":12,"href":"https:\/\/paratusintelligence.com\/en\/wp-json\/wp\/v2\/pages\/415\/revisions"}],"predecessor-version":[{"id":1834,"href":"https:\/\/paratusintelligence.com\/en\/wp-json\/wp\/v2\/pages\/415\/revisions\/1834"}],"wp:attachment":[{"href":"https:\/\/paratusintelligence.com\/en\/wp-json\/wp\/v2\/media?parent=415"}],"curies":[{"name":"wp","href":"https:\/\/api.w.org\/{rel}","templated":true}]}}